{"id":491810,"date":"2025-01-24T00:51:00","date_gmt":"2025-01-23T23:51:00","guid":{"rendered":"https:\/\/shop.kustom.ch\/?post_type=product&#038;p=491810"},"modified":"2026-03-31T13:11:18","modified_gmt":"2026-03-31T12:11:18","slug":"melange-backpack","status":"publish","type":"product","link":"https:\/\/shop.kustom.ch\/fr\/produit\/melange-backpack\/","title":{"rendered":"Sac \u00e0 dos Melange"},"content":{"rendered":"<p>Un sac \u00e0 dos moderne de style urbain. Il dispose d'un compartiment principal qui se ferme avec un cordon de serrage et d'une poche ext\u00e9rieure avec fermeture \u00e9clair SBS. Le compartiment principal peut \u00eatre comprim\u00e9 \u00e0 l'aide de deux sangles sur le couvercle, de sorte que toutes vos affaires restent au m\u00eame endroit, m\u00eame en d\u00e9placement. Une large poche lat\u00e9rale offre un espace suppl\u00e9mentaire. Avec une poign\u00e9e de transport, des bretelles l\u00e9g\u00e8rement rembourr\u00e9es et r\u00e9glables. Dimensions et volume 32x42x15cm - 20L<\/p>\n<p>Mati\u00e8re : Sous-couche : 600D Polyester\/TPE ; Doublure : 100% Polyester<\/p>","protected":false},"excerpt":{"rendered":"<p>Ein moderner Rucksack im Stadtstil. Er verf\u00fcgt \u00fcber ein Hauptabteil, das mit einem Kordelzug geschlossen wird, und eine Aussentasche mit SBS-Reissverschluss. Das Hauptabteil kann mit zwei Riemen am Deckel zusammengedr\u00fcckt werden, so dass alle Ihre Sachen auch unterwegs an einem Ort bleiben. Eine breite Seitentasche bietet zus\u00e4tzlichen Platz. Mit einem Tragegriff, leicht gepolsterten und verstellbaren [&hellip;]<\/p>\n","protected":false},"featured_media":491874,"template":"","meta":[],"product_brand":[],"product_cat":[4195,4209],"product_tag":[],"class_list":{"0":"post-491810","1":"product","2":"type-product","3":"status-publish","4":"has-post-thumbnail","6":"product_cat-rucksaecke-taschen","7":"product_cat-zubehoer","8":"pa_brand-clique","9":"pa_brand-type-sportswear","10":"pa_filter-color-grau","12":"first","13":"instock","14":"sale","15":"taxable","16":"shipping-taxable","17":"purchasable","18":"product-type-variable","19":"add-to-wishlist-before_image"},"exclude_global_add_ons":[],"addons":[],"acf":[],"_links":{"self":[{"href":"https:\/\/shop.kustom.ch\/fr\/wp-json\/wp\/v2\/product\/491810"}],"collection":[{"href":"https:\/\/shop.kustom.ch\/fr\/wp-json\/wp\/v2\/product"}],"about":[{"href":"https:\/\/shop.kustom.ch\/fr\/wp-json\/wp\/v2\/types\/product"}],"wp:featuredmedia":[{"embeddable":true,"href":"https:\/\/shop.kustom.ch\/fr\/wp-json\/wp\/v2\/media\/491874"}],"wp:attachment":[{"href":"https:\/\/shop.kustom.ch\/fr\/wp-json\/wp\/v2\/media?parent=491810"}],"wp:term":[{"taxonomy":"product_brand","embeddable":true,"href":"https:\/\/shop.kustom.ch\/fr\/wp-json\/wp\/v2\/product_brand?post=491810"},{"taxonomy":"product_cat","embeddable":true,"href":"https:\/\/shop.kustom.ch\/fr\/wp-json\/wp\/v2\/product_cat?post=491810"},{"taxonomy":"product_tag","embeddable":true,"href":"https:\/\/shop.kustom.ch\/fr\/wp-json\/wp\/v2\/product_tag?post=491810"}],"curies":[{"name":"wp","href":"https:\/\/api.w.org\/{rel}","templated":true}]}}