{"id":491468,"date":"2025-01-24T00:49:44","date_gmt":"2025-01-23T23:49:44","guid":{"rendered":"https:\/\/shop.kustom.ch\/?post_type=product&#038;p=491468"},"modified":"2026-03-31T13:21:13","modified_gmt":"2026-03-31T12:21:13","slug":"malamute","status":"publish","type":"product","link":"https:\/\/shop.kustom.ch\/fr\/produit\/malamute\/","title":{"rendered":"Malamute"},"content":{"rendered":"<p>Parka d'exp\u00e9dition super chaude. De nombreuses grandes poches, dont certaines avec des fermetures \u00e9clair \u00e9tanches. La capuche et la fourrure synth\u00e9tique sont amovibles s\u00e9par\u00e9ment. Fermeture \u00e9clair recouverte, poignets r\u00e9glables par velcro et poignets c\u00f4tel\u00e9s, cordon de serrage \u00e9lastique \u00e0 la taille, boutons-pression en caoutchouc. Colonne d'eau de 5000 mm.<\/p>\n<p>Mat\u00e9riau : Couche sup\u00e9rieure : 100% polyamide avec rev\u00eatement PU. Doublure et rembourrage : 100% polyester.<\/p>","protected":false},"excerpt":{"rendered":"<p>Superwarmer Expeditions Parka. Viele, grosse Taschen, teilweise mit wasserdichten Reissverschl\u00fcssen. Die Kapuze sowie der Kunstpelz sind getrennt abnehmbar. Abgedeckter Reissverschluss, \u00c4rmelabschl\u00fcsse mit Klett verstellbar und mit gerippten Manschetten, elastischer Kordelzug in Taille, Druckkn\u00f6pfe aus Gummi. Wassers\u00e4ule 5000mm. Material: Oberschicht: 100% Polyamid mit PU Beschichtung. Futter und Wattierung: 100% Polyester.<\/p>","protected":false},"featured_media":491482,"template":"","meta":[],"product_brand":[],"product_cat":[4186],"product_tag":[],"class_list":{"0":"post-491468","1":"product","2":"type-product","3":"status-publish","4":"has-post-thumbnail","6":"product_cat-jacken","7":"pa_brand-clique","8":"pa_brand-type-sportswear","9":"pa_filter-color-rot","10":"pa_filter-color-schwarz","12":"first","13":"instock","14":"sale","15":"taxable","16":"shipping-taxable","17":"purchasable","18":"product-type-variable","19":"add-to-wishlist-before_image"},"exclude_global_add_ons":[],"addons":[],"acf":[],"_links":{"self":[{"href":"https:\/\/shop.kustom.ch\/fr\/wp-json\/wp\/v2\/product\/491468"}],"collection":[{"href":"https:\/\/shop.kustom.ch\/fr\/wp-json\/wp\/v2\/product"}],"about":[{"href":"https:\/\/shop.kustom.ch\/fr\/wp-json\/wp\/v2\/types\/product"}],"wp:featuredmedia":[{"embeddable":true,"href":"https:\/\/shop.kustom.ch\/fr\/wp-json\/wp\/v2\/media\/491482"}],"wp:attachment":[{"href":"https:\/\/shop.kustom.ch\/fr\/wp-json\/wp\/v2\/media?parent=491468"}],"wp:term":[{"taxonomy":"product_brand","embeddable":true,"href":"https:\/\/shop.kustom.ch\/fr\/wp-json\/wp\/v2\/product_brand?post=491468"},{"taxonomy":"product_cat","embeddable":true,"href":"https:\/\/shop.kustom.ch\/fr\/wp-json\/wp\/v2\/product_cat?post=491468"},{"taxonomy":"product_tag","embeddable":true,"href":"https:\/\/shop.kustom.ch\/fr\/wp-json\/wp\/v2\/product_tag?post=491468"}],"curies":[{"name":"wp","href":"https:\/\/api.w.org\/{rel}","templated":true}]}}