{"id":491402,"date":"2025-01-24T00:49:25","date_gmt":"2025-01-23T23:49:25","guid":{"rendered":"https:\/\/shop.kustom.ch\/?post_type=product&#038;p=491402"},"modified":"2026-03-31T13:20:43","modified_gmt":"2026-03-31T12:20:43","slug":"loris-women","status":"publish","type":"product","link":"https:\/\/shop.kustom.ch\/fr\/produit\/loris-women\/","title":{"rendered":"Loris Women"},"content":{"rendered":"<p>Veste sweat \u00e0 la mode avec capuche. Un m\u00e9lange de coton Slub Yarn et de polyester donne un effet tr\u00e8s tendance. Coupe moderne avec des poignets un peu plus larges, des manches raglan et des coutures flatlock d\u00e9coratives.<\/p>\n<p>Mati\u00e8re : 80% coton flamm\u00e9, 20% polyester<\/p>","protected":false},"excerpt":{"rendered":"<p>Modische Sweatjacke mit Kapuze. Ein Mischgewebe aus Slub Yarn Baumwolle und Polyester ergibt einen trendigen Effekt. Moderner Schnitt mit etwas breiteren \u00c4rmelb\u00fcndchen, Raglan\u00e4rmeln und dekorativen Flatlockn\u00e4hten. Material: 80% geflammte Baumwolle, 20% Polyester<\/p>","protected":false},"featured_media":491462,"template":"","meta":[],"product_brand":[],"product_cat":[4184],"product_tag":[],"class_list":{"0":"post-491402","1":"product","2":"type-product","3":"status-publish","4":"has-post-thumbnail","6":"product_cat-hoodies-pullover","7":"pa_brand-clique","8":"pa_brand-type-sportswear","9":"pa_filter-color-blau","10":"pa_filter-color-grau","11":"pa_filter-color-schwarz","13":"first","14":"instock","15":"sale","16":"taxable","17":"shipping-taxable","18":"purchasable","19":"product-type-variable","20":"add-to-wishlist-before_image"},"exclude_global_add_ons":[],"addons":[],"acf":[],"_links":{"self":[{"href":"https:\/\/shop.kustom.ch\/fr\/wp-json\/wp\/v2\/product\/491402"}],"collection":[{"href":"https:\/\/shop.kustom.ch\/fr\/wp-json\/wp\/v2\/product"}],"about":[{"href":"https:\/\/shop.kustom.ch\/fr\/wp-json\/wp\/v2\/types\/product"}],"wp:featuredmedia":[{"embeddable":true,"href":"https:\/\/shop.kustom.ch\/fr\/wp-json\/wp\/v2\/media\/491462"}],"wp:attachment":[{"href":"https:\/\/shop.kustom.ch\/fr\/wp-json\/wp\/v2\/media?parent=491402"}],"wp:term":[{"taxonomy":"product_brand","embeddable":true,"href":"https:\/\/shop.kustom.ch\/fr\/wp-json\/wp\/v2\/product_brand?post=491402"},{"taxonomy":"product_cat","embeddable":true,"href":"https:\/\/shop.kustom.ch\/fr\/wp-json\/wp\/v2\/product_cat?post=491402"},{"taxonomy":"product_tag","embeddable":true,"href":"https:\/\/shop.kustom.ch\/fr\/wp-json\/wp\/v2\/product_tag?post=491402"}],"curies":[{"name":"wp","href":"https:\/\/api.w.org\/{rel}","templated":true}]}}