{"id":491333,"date":"2025-01-24T00:49:07","date_gmt":"2025-01-23T23:49:07","guid":{"rendered":"https:\/\/shop.kustom.ch\/?post_type=product&#038;p=491333"},"modified":"2026-03-31T13:18:29","modified_gmt":"2026-03-31T12:18:29","slug":"libby","status":"publish","type":"product","link":"https:\/\/shop.kustom.ch\/fr\/produit\/libby\/","title":{"rendered":"Libby"},"content":{"rendered":"<p>Un chemisier classique intemporel. En mati\u00e8re l\u00e9g\u00e8re, semi-opaque et d'une belle fluidit\u00e9.  Patte de boutonnage cach\u00e9e. Fronces sur le devant et \u00e0 l'extr\u00e9mit\u00e9 des manches, empi\u00e8cement au dos.<\/p>\n<p>Mat\u00e9riau : polyester 100%<\/p>","protected":false},"excerpt":{"rendered":"<p>Eine zeitlos klassische Bluse. Aus leichtem, halb blickdichtem Material, das sch\u00f6n fliessend ist. Verdeckte Knopfleiste. Raffung an der Vorderseite und am \u00c4rmelende, Passe am R\u00fccken. Material: 100% Polyester<\/p>","protected":false},"featured_media":491357,"template":"","meta":[],"product_brand":[],"product_cat":[9895],"product_tag":[],"class_list":{"0":"post-491333","1":"product","2":"type-product","3":"status-publish","4":"has-post-thumbnail","6":"product_cat-blusen","7":"pa_brand-clique","8":"pa_brand-type-sportswear","9":"pa_filter-color-schwarz","10":"pa_filter-color-weiss","12":"first","13":"instock","14":"sale","15":"taxable","16":"shipping-taxable","17":"purchasable","18":"product-type-variable","19":"add-to-wishlist-before_image"},"exclude_global_add_ons":[],"addons":[],"acf":[],"_links":{"self":[{"href":"https:\/\/shop.kustom.ch\/fr\/wp-json\/wp\/v2\/product\/491333"}],"collection":[{"href":"https:\/\/shop.kustom.ch\/fr\/wp-json\/wp\/v2\/product"}],"about":[{"href":"https:\/\/shop.kustom.ch\/fr\/wp-json\/wp\/v2\/types\/product"}],"wp:featuredmedia":[{"embeddable":true,"href":"https:\/\/shop.kustom.ch\/fr\/wp-json\/wp\/v2\/media\/491357"}],"wp:attachment":[{"href":"https:\/\/shop.kustom.ch\/fr\/wp-json\/wp\/v2\/media?parent=491333"}],"wp:term":[{"taxonomy":"product_brand","embeddable":true,"href":"https:\/\/shop.kustom.ch\/fr\/wp-json\/wp\/v2\/product_brand?post=491333"},{"taxonomy":"product_cat","embeddable":true,"href":"https:\/\/shop.kustom.ch\/fr\/wp-json\/wp\/v2\/product_cat?post=491333"},{"taxonomy":"product_tag","embeddable":true,"href":"https:\/\/shop.kustom.ch\/fr\/wp-json\/wp\/v2\/product_tag?post=491333"}],"curies":[{"name":"wp","href":"https:\/\/api.w.org\/{rel}","templated":true}]}}