{"id":491194,"date":"2025-01-24T00:48:26","date_gmt":"2025-01-23T23:48:26","guid":{"rendered":"https:\/\/shop.kustom.ch\/?post_type=product&#038;p=491194"},"modified":"2026-03-31T13:21:29","modified_gmt":"2026-03-31T12:21:29","slug":"kingslake-women","status":"publish","type":"product","link":"https:\/\/shop.kustom.ch\/fr\/produit\/kingslake-women\/","title":{"rendered":"Kingslake Femmes"},"content":{"rendered":"<p>Veste chaude et fonctionnelle avec une coupe l\u00e9g\u00e8rement plus longue. Quatre poches ext\u00e9rieures avec fermeture \u00e9clair, trois poches int\u00e9rieures et passage pour \u00e9couteurs \u00e0 l'int\u00e9rieur. Capuche amovible, manches pr\u00e9form\u00e9es avec poignets \u00e9lastiques. La fermeture \u00e9clair dans la doublure facilite l'impression ou la broderie. Colonne d'eau WP 3000 \/ respirabilit\u00e9 MVP 3000.<\/p>\n<p>Mat\u00e9riau : Ext\u00e9rieur : 100% polyester avec rev\u00eatement PU ; Rembourrage et doublure : 100% polyester<\/p>","protected":false},"excerpt":{"rendered":"<p>Warme und funktionelle Jacke mit etwas l\u00e4ngerem Schnitt. Vier Aussentaschen mit Reissverschluss, drei Innentaschen und Kopfh\u00f6rerf\u00fchrung Innen. Abnehmbare Kapuze, die \u00c4rmel sind vorgeformt und haben am \u00c4rmelabschluss elastische Manschetten. Reissverschluss im Futter erleichtert das Bedrucken oder Besticken. Wassers\u00e4ule WP 3000 \/ Atmungsaktivit\u00e4t MVP 3000. Material: Obermaterial: 100% Polyester mit PU-Beschichtung ; Wattierung und Futter: 100% [&hellip;]<\/p>\n","protected":false},"featured_media":491254,"template":"","meta":[],"product_brand":[],"product_cat":[4186],"product_tag":[],"class_list":{"0":"post-491194","1":"product","2":"type-product","3":"status-publish","4":"has-post-thumbnail","6":"product_cat-jacken","7":"pa_brand-clique","8":"pa_brand-type-sportswear","9":"pa_filter-color-blau","10":"pa_filter-color-grau","11":"pa_filter-color-rot","12":"pa_filter-color-schwarz","14":"first","15":"instock","16":"sale","17":"taxable","18":"shipping-taxable","19":"purchasable","20":"product-type-variable","21":"add-to-wishlist-before_image"},"exclude_global_add_ons":[],"addons":[],"acf":[],"_links":{"self":[{"href":"https:\/\/shop.kustom.ch\/fr\/wp-json\/wp\/v2\/product\/491194"}],"collection":[{"href":"https:\/\/shop.kustom.ch\/fr\/wp-json\/wp\/v2\/product"}],"about":[{"href":"https:\/\/shop.kustom.ch\/fr\/wp-json\/wp\/v2\/types\/product"}],"wp:featuredmedia":[{"embeddable":true,"href":"https:\/\/shop.kustom.ch\/fr\/wp-json\/wp\/v2\/media\/491254"}],"wp:attachment":[{"href":"https:\/\/shop.kustom.ch\/fr\/wp-json\/wp\/v2\/media?parent=491194"}],"wp:term":[{"taxonomy":"product_brand","embeddable":true,"href":"https:\/\/shop.kustom.ch\/fr\/wp-json\/wp\/v2\/product_brand?post=491194"},{"taxonomy":"product_cat","embeddable":true,"href":"https:\/\/shop.kustom.ch\/fr\/wp-json\/wp\/v2\/product_cat?post=491194"},{"taxonomy":"product_tag","embeddable":true,"href":"https:\/\/shop.kustom.ch\/fr\/wp-json\/wp\/v2\/product_tag?post=491194"}],"curies":[{"name":"wp","href":"https:\/\/api.w.org\/{rel}","templated":true}]}}