{"id":491125,"date":"2025-01-24T00:48:06","date_gmt":"2025-01-23T23:48:06","guid":{"rendered":"https:\/\/shop.kustom.ch\/?post_type=product&#038;p=491125"},"modified":"2026-03-31T13:13:44","modified_gmt":"2026-03-31T12:13:44","slug":"kenai-women","status":"publish","type":"product","link":"https:\/\/shop.kustom.ch\/fr\/produit\/kenai-women\/","title":{"rendered":"Kenai Femmes"},"content":{"rendered":"<p>Un pantalon de trekking moderne avec un stretch quadri-directionnel respirant pour un confort optimal. Mati\u00e8re r\u00e9sistante, coupe-vent et d\u00e9perlante dans les zones fortement sollicit\u00e9es. Taille \u00e9lastiqu\u00e9e et genoux pr\u00e9form\u00e9s pour une meilleure libert\u00e9 de mouvement. Option pour ins\u00e9rer des genouill\u00e8res. Deux poches avant, deux poches sur la jambe avec fermeture \u00e0 glissi\u00e8re et une \u00e0 l'arri\u00e8re. Bas de jambe r\u00e9glable avec \u00e9lastique et fermeture velcro.<\/p>\n<p>Composition : Ext\u00e9rieur 1 : 65% polyester 35% coton ; Ext\u00e9rieur 2 : 88% polyester 12% \u00e9lasthanne<\/p>","protected":false},"excerpt":{"rendered":"<p>Eine moderne Trekkinghose mit atmungsaktivem 4-Wege Stretch f\u00fcr einen optimalen Tragekomfort. Strapazierf\u00e4higes, wind- und wasserabweisendes Material in stark beanspruchten Bereichen. Gummizug in der Taille und vorgeformte Knie f\u00fcr bessere Bewegungsfreiheit. Option zum Einsetzen von Knieschonern. Zwei Vordertaschen, zwei Beintaschen mit Reissverschluss und eine auf der R\u00fcckseite. Verstellbarer Beinabschluss mit Gummizug und Klettverschluss. Material: Obermaterial 1: [&hellip;]<\/p>\n","protected":false},"featured_media":491159,"template":"","meta":[],"product_brand":[],"product_cat":[4185],"product_tag":[],"class_list":{"0":"post-491125","1":"product","2":"type-product","3":"status-publish","4":"has-post-thumbnail","6":"product_cat-hosen","7":"pa_brand-clique","8":"pa_brand-type-sportswear","9":"pa_filter-color-gruen","10":"pa_filter-color-orange","11":"pa_filter-color-schwarz","13":"first","14":"instock","15":"sale","16":"taxable","17":"shipping-taxable","18":"purchasable","19":"product-type-variable","20":"add-to-wishlist-before_image"},"exclude_global_add_ons":[],"addons":[],"acf":[],"_links":{"self":[{"href":"https:\/\/shop.kustom.ch\/fr\/wp-json\/wp\/v2\/product\/491125"}],"collection":[{"href":"https:\/\/shop.kustom.ch\/fr\/wp-json\/wp\/v2\/product"}],"about":[{"href":"https:\/\/shop.kustom.ch\/fr\/wp-json\/wp\/v2\/types\/product"}],"wp:featuredmedia":[{"embeddable":true,"href":"https:\/\/shop.kustom.ch\/fr\/wp-json\/wp\/v2\/media\/491159"}],"wp:attachment":[{"href":"https:\/\/shop.kustom.ch\/fr\/wp-json\/wp\/v2\/media?parent=491125"}],"wp:term":[{"taxonomy":"product_brand","embeddable":true,"href":"https:\/\/shop.kustom.ch\/fr\/wp-json\/wp\/v2\/product_brand?post=491125"},{"taxonomy":"product_cat","embeddable":true,"href":"https:\/\/shop.kustom.ch\/fr\/wp-json\/wp\/v2\/product_cat?post=491125"},{"taxonomy":"product_tag","embeddable":true,"href":"https:\/\/shop.kustom.ch\/fr\/wp-json\/wp\/v2\/product_tag?post=491125"}],"curies":[{"name":"wp","href":"https:\/\/api.w.org\/{rel}","templated":true}]}}