{"id":491053,"date":"2025-01-24T00:47:43","date_gmt":"2025-01-23T23:47:43","guid":{"rendered":"https:\/\/shop.kustom.ch\/?post_type=product&#038;p=491053"},"modified":"2026-03-31T13:17:28","modified_gmt":"2026-03-31T12:17:28","slug":"idaho-women","status":"publish","type":"product","link":"https:\/\/shop.kustom.ch\/fr\/produit\/idaho-women\/","title":{"rendered":"Idaho Femmes"},"content":{"rendered":"<p>Veste chaude mais l\u00e9g\u00e8re avec un rembourrage semblable \u00e0 du duvet. En polyamide recycl\u00e9 100%. Capuche amovible, trois poches ext\u00e9rieures zipp\u00e9es et deux poches int\u00e9rieures. Bande \u00e9lastique \u00e0 la taille et aux manches. Avec accroche de couleur, passage pour \u00e9couteurs et curseurs de fermeture \u00e9clair.<\/p>\n<p>Mat\u00e9riaux : Mat\u00e9riau de la coque : 100% polyamide recycl\u00e9 ; Rembourrage : 100% polyester recycl\u00e9 ; Doublure : 100% polyester recycl\u00e9<\/p>","protected":false},"excerpt":{"rendered":"<p>Warme und dennoch leichte Jacke mit daunen\u00e4hnlicher Polsterung. Aus 100% Recycling-Polyamid. Abnehmbare Kapuze, drei Aussentaschen mit Reissverschluss und zwei Innentaschen. Elastisches Band am Bund und an den \u00c4rmeln. Mit farbigem Aufh\u00e4nger, Kopfh\u00f6rerf\u00fchrung und Reissverschlussschiebern. Material: Shellmaterial: 100% Recycling-Polyamid ; Polsterung: 100% Recycling-Polyester ; Futter: 100% Recycling-Polyester<\/p>","protected":false},"featured_media":491070,"template":"","meta":[],"product_brand":[],"product_cat":[4186],"product_tag":[],"class_list":{"0":"post-491053","1":"product","2":"type-product","3":"status-publish","4":"has-post-thumbnail","6":"product_cat-jacken","7":"pa_brand-clique","8":"pa_brand-type-sportswear","9":"pa_filter-color-blau","10":"pa_filter-color-gruen","11":"pa_filter-color-schwarz","13":"first","14":"instock","15":"sale","16":"taxable","17":"shipping-taxable","18":"purchasable","19":"product-type-variable","20":"add-to-wishlist-before_image"},"exclude_global_add_ons":[],"addons":[],"acf":[],"_links":{"self":[{"href":"https:\/\/shop.kustom.ch\/fr\/wp-json\/wp\/v2\/product\/491053"}],"collection":[{"href":"https:\/\/shop.kustom.ch\/fr\/wp-json\/wp\/v2\/product"}],"about":[{"href":"https:\/\/shop.kustom.ch\/fr\/wp-json\/wp\/v2\/types\/product"}],"wp:featuredmedia":[{"embeddable":true,"href":"https:\/\/shop.kustom.ch\/fr\/wp-json\/wp\/v2\/media\/491070"}],"wp:attachment":[{"href":"https:\/\/shop.kustom.ch\/fr\/wp-json\/wp\/v2\/media?parent=491053"}],"wp:term":[{"taxonomy":"product_brand","embeddable":true,"href":"https:\/\/shop.kustom.ch\/fr\/wp-json\/wp\/v2\/product_brand?post=491053"},{"taxonomy":"product_cat","embeddable":true,"href":"https:\/\/shop.kustom.ch\/fr\/wp-json\/wp\/v2\/product_cat?post=491053"},{"taxonomy":"product_tag","embeddable":true,"href":"https:\/\/shop.kustom.ch\/fr\/wp-json\/wp\/v2\/product_tag?post=491053"}],"curies":[{"name":"wp","href":"https:\/\/api.w.org\/{rel}","templated":true}]}}