{"id":490986,"date":"2025-01-24T00:47:24","date_gmt":"2025-01-23T23:47:24","guid":{"rendered":"https:\/\/shop.kustom.ch\/?post_type=product&#038;p=490986"},"modified":"2026-03-31T13:14:02","modified_gmt":"2026-03-31T12:14:02","slug":"idaho-vest","status":"publish","type":"product","link":"https:\/\/shop.kustom.ch\/fr\/produit\/idaho-vest\/","title":{"rendered":"Gilet Idaho"},"content":{"rendered":"<p>Gilet chaud mais l\u00e9ger avec rembourrage semblable \u00e0 du duvet. En polyamide recycl\u00e9 100%.<br \/>\nTrois poches ext\u00e9rieures avec fermeture \u00e9clair et deux poches int\u00e9rieures. Bande \u00e9lastique \u00e0 la taille et aux bras. Mod\u00e8le femme avec capuche amovible. Avec accroche de couleur, passage pour \u00e9couteurs et curseurs de fermeture \u00e9clair.<\/p>\n<p>Mat\u00e9riaux : Mat\u00e9riau de la coque : 100% polyamide recycl\u00e9 ; Rembourrage : 100% polyester recycl\u00e9 ; Doublure : 100% polyester recycl\u00e9<\/p>","protected":false},"excerpt":{"rendered":"<p>Warme und dennoch leichte Weste mit daunen\u00e4hnlicher Polsterung. Aus 100% Recycling-Polyamid. Drei Aussentaschen mit Reissverschluss und zwei Innentaschen. Elastisches Band am Bund und an den Armen. Damenmodell mit abnehmbarer Kapuze. Mit farbigem Aufh\u00e4nger, Kopfh\u00f6rerf\u00fchrung und Reissverschlussschiebern. Material: Shellmaterial: 100% Recycling-Polyamid ; Polsterung: 100% Recycling-Polyester ; Futter: 100% Recycling-Polyester<\/p>","protected":false},"featured_media":491020,"template":"","meta":[],"product_brand":[],"product_cat":[4208],"product_tag":[],"class_list":{"0":"post-490986","1":"product","2":"type-product","3":"status-publish","4":"has-post-thumbnail","6":"product_cat-westen","7":"pa_brand-clique","8":"pa_brand-type-sportswear","9":"pa_filter-color-blau","10":"pa_filter-color-gruen","11":"pa_filter-color-schwarz","13":"first","14":"instock","15":"sale","16":"taxable","17":"shipping-taxable","18":"purchasable","19":"product-type-variable","20":"add-to-wishlist-before_image"},"exclude_global_add_ons":[],"addons":[],"acf":[],"_links":{"self":[{"href":"https:\/\/shop.kustom.ch\/fr\/wp-json\/wp\/v2\/product\/490986"}],"collection":[{"href":"https:\/\/shop.kustom.ch\/fr\/wp-json\/wp\/v2\/product"}],"about":[{"href":"https:\/\/shop.kustom.ch\/fr\/wp-json\/wp\/v2\/types\/product"}],"wp:featuredmedia":[{"embeddable":true,"href":"https:\/\/shop.kustom.ch\/fr\/wp-json\/wp\/v2\/media\/491020"}],"wp:attachment":[{"href":"https:\/\/shop.kustom.ch\/fr\/wp-json\/wp\/v2\/media?parent=490986"}],"wp:term":[{"taxonomy":"product_brand","embeddable":true,"href":"https:\/\/shop.kustom.ch\/fr\/wp-json\/wp\/v2\/product_brand?post=490986"},{"taxonomy":"product_cat","embeddable":true,"href":"https:\/\/shop.kustom.ch\/fr\/wp-json\/wp\/v2\/product_cat?post=490986"},{"taxonomy":"product_tag","embeddable":true,"href":"https:\/\/shop.kustom.ch\/fr\/wp-json\/wp\/v2\/product_tag?post=490986"}],"curies":[{"name":"wp","href":"https:\/\/api.w.org\/{rel}","templated":true}]}}