{"id":490985,"date":"2025-01-24T00:47:24","date_gmt":"2025-01-23T23:47:24","guid":{"rendered":"https:\/\/shop.kustom.ch\/?post_type=product&#038;p=490985"},"modified":"2026-03-31T13:17:30","modified_gmt":"2026-03-31T12:17:30","slug":"idaho-junior","status":"publish","type":"product","link":"https:\/\/shop.kustom.ch\/fr\/produit\/idaho-junior\/","title":{"rendered":"Idaho Junior"},"content":{"rendered":"<p>Veste chaude mais l\u00e9g\u00e8re avec un rembourrage semblable \u00e0 du duvet. En polyamide recycl\u00e9 100%. Capuche amovible \u00e0 l'\u00e9preuve des enfants. Trois poches ext\u00e9rieures avec fermeture \u00e9clair et deux poches int\u00e9rieures. Bande \u00e9lastique \u00e0 la taille et aux manches. Avec accroche de couleur, passage pour \u00e9couteurs et curseurs de fermeture \u00e9clair.<\/p>\n<p>Mat\u00e9riaux : Mat\u00e9riau de la coque : 100% polyamide recycl\u00e9 ; Rembourrage : 100% polyester recycl\u00e9 ; Doublure : 100% polyester recycl\u00e9<\/p>","protected":false},"excerpt":{"rendered":"<p>Warme und dennoch leichte Jacke mit daunen\u00e4hnlicher Polsterung. Aus 100% Recycling-Polyamid. Abnehmbare, kindersichere Kapuze. Drei Aussentaschen mit Reissverschluss und zwei Innentaschen. Elastisches Band am Bund und an den \u00c4rmeln. Mit farbigem Aufh\u00e4nger, Kopfh\u00f6rerf\u00fchrung und Reissverschlussschiebern. Material: Shellmaterial: 100% Recycling-Polyamid ; Polsterung: 100% Recycling-Polyester ; Futter: 100% Recycling-Polyester<\/p>","protected":false},"featured_media":491012,"template":"","meta":[],"product_brand":[],"product_cat":[4186],"product_tag":[],"class_list":{"0":"post-490985","1":"product","2":"type-product","3":"status-publish","4":"has-post-thumbnail","6":"product_cat-jacken","7":"pa_brand-clique","8":"pa_brand-type-sportswear","9":"pa_filter-color-blau","10":"pa_filter-color-schwarz","12":"first","13":"instock","14":"sale","15":"taxable","16":"shipping-taxable","17":"purchasable","18":"product-type-variable","19":"add-to-wishlist-before_image"},"exclude_global_add_ons":[],"addons":[],"acf":[],"_links":{"self":[{"href":"https:\/\/shop.kustom.ch\/fr\/wp-json\/wp\/v2\/product\/490985"}],"collection":[{"href":"https:\/\/shop.kustom.ch\/fr\/wp-json\/wp\/v2\/product"}],"about":[{"href":"https:\/\/shop.kustom.ch\/fr\/wp-json\/wp\/v2\/types\/product"}],"wp:featuredmedia":[{"embeddable":true,"href":"https:\/\/shop.kustom.ch\/fr\/wp-json\/wp\/v2\/media\/491012"}],"wp:attachment":[{"href":"https:\/\/shop.kustom.ch\/fr\/wp-json\/wp\/v2\/media?parent=490985"}],"wp:term":[{"taxonomy":"product_brand","embeddable":true,"href":"https:\/\/shop.kustom.ch\/fr\/wp-json\/wp\/v2\/product_brand?post=490985"},{"taxonomy":"product_cat","embeddable":true,"href":"https:\/\/shop.kustom.ch\/fr\/wp-json\/wp\/v2\/product_cat?post=490985"},{"taxonomy":"product_tag","embeddable":true,"href":"https:\/\/shop.kustom.ch\/fr\/wp-json\/wp\/v2\/product_tag?post=490985"}],"curies":[{"name":"wp","href":"https:\/\/api.w.org\/{rel}","templated":true}]}}