{"id":490841,"date":"2025-01-24T00:46:47","date_gmt":"2025-01-23T23:46:47","guid":{"rendered":"https:\/\/shop.kustom.ch\/?post_type=product&#038;p=490841"},"modified":"2026-03-31T13:20:34","modified_gmt":"2026-03-31T12:20:34","slug":"ice-t-kids","status":"publish","type":"product","link":"https:\/\/shop.kustom.ch\/fr\/produit\/ice-t-kids\/","title":{"rendered":"Ice-T Kids"},"content":{"rendered":"<p>T-shirt pour enfants en polyester. Coutures lat\u00e9rales, bordures c\u00f4tel\u00e9es et bandeau de cou dans le m\u00eame mat\u00e9riau que le T-shirt, empi\u00e8cements sur les \u00e9paules. Protection UV 20.<\/p>\n<p>Mat\u00e9riau : polyester 100%<\/p>","protected":false},"excerpt":{"rendered":"<p>Kinder-T-Shirt aus Polyester. Seitenn\u00e4hte, Rippenb\u00fcndchen und Nackenband im selben Material wie das T-Shirt, Eins\u00e4tze an den Schulterpartien. UV-Schutz 20. Material: 100% Polyester<\/p>","protected":false},"featured_media":490904,"template":"","meta":[],"product_brand":[],"product_cat":[4201],"product_tag":[],"class_list":{"0":"post-490841","1":"product","2":"type-product","3":"status-publish","4":"has-post-thumbnail","6":"product_cat-t-shirts","7":"pa_brand-clique","8":"pa_brand-type-sportswear","9":"pa_filter-color-blau","10":"pa_filter-color-rot","11":"pa_filter-color-schwarz","12":"pa_filter-color-weiss","14":"first","15":"instock","16":"sale","17":"taxable","18":"shipping-taxable","19":"purchasable","20":"product-type-variable","21":"add-to-wishlist-before_image"},"exclude_global_add_ons":[],"addons":[],"acf":[],"_links":{"self":[{"href":"https:\/\/shop.kustom.ch\/fr\/wp-json\/wp\/v2\/product\/490841"}],"collection":[{"href":"https:\/\/shop.kustom.ch\/fr\/wp-json\/wp\/v2\/product"}],"about":[{"href":"https:\/\/shop.kustom.ch\/fr\/wp-json\/wp\/v2\/types\/product"}],"wp:featuredmedia":[{"embeddable":true,"href":"https:\/\/shop.kustom.ch\/fr\/wp-json\/wp\/v2\/media\/490904"}],"wp:attachment":[{"href":"https:\/\/shop.kustom.ch\/fr\/wp-json\/wp\/v2\/media?parent=490841"}],"wp:term":[{"taxonomy":"product_brand","embeddable":true,"href":"https:\/\/shop.kustom.ch\/fr\/wp-json\/wp\/v2\/product_brand?post=490841"},{"taxonomy":"product_cat","embeddable":true,"href":"https:\/\/shop.kustom.ch\/fr\/wp-json\/wp\/v2\/product_cat?post=490841"},{"taxonomy":"product_tag","embeddable":true,"href":"https:\/\/shop.kustom.ch\/fr\/wp-json\/wp\/v2\/product_tag?post=490841"}],"curies":[{"name":"wp","href":"https:\/\/api.w.org\/{rel}","templated":true}]}}