{"id":490632,"date":"2025-01-24T00:45:56","date_gmt":"2025-01-23T23:45:56","guid":{"rendered":"https:\/\/shop.kustom.ch\/?post_type=product&#038;p=490632"},"modified":"2026-03-31T13:17:33","modified_gmt":"2026-03-31T12:17:33","slug":"hudson-vest","status":"publish","type":"product","link":"https:\/\/shop.kustom.ch\/fr\/produit\/hudson-vest\/","title":{"rendered":"Gilet Hudson"},"content":{"rendered":"<p>Gilet matelass\u00e9 moderne avec col montant et rembourrage semblable \u00e0 du duvet. Trois poches ext\u00e9rieures avec fermetures \u00e0 glissi\u00e8re et passage pour \u00e9couteurs \u00e0 l'int\u00e9rieur. Finition \u00e9lastique \u00e0 l'encolure des manches.<\/p>\n<p>Mat\u00e9riau : Ext\u00e9rieur et doublure : 100% polyester ; Rembourrage semblable \u00e0 du duvet : 100% polyester<\/p>","protected":false},"excerpt":{"rendered":"<p>Moderne gesteppte Weste mit Stehkragen und daunen\u00e4hnlicher Wattierung. Drei Aussentaschen mit Reissverschl\u00fcssen und Kopfh\u00f6rerf\u00fchrung Innen. Elastischer Abschluss am \u00c4rmelausschnitt. Material: Obermaterial und Futter: 100% Polyester ; Daunen\u00e4hnliche Wattierung: 100% Polyester<\/p>","protected":false},"featured_media":490694,"template":"","meta":[],"product_brand":[],"product_cat":[4208],"product_tag":[],"class_list":{"0":"post-490632","1":"product","2":"type-product","3":"status-publish","4":"has-post-thumbnail","6":"product_cat-westen","7":"pa_brand-clique","8":"pa_brand-type-sportswear","9":"pa_filter-color-blau","10":"pa_filter-color-grau","11":"pa_filter-color-rot","12":"pa_filter-color-schwarz","14":"first","15":"instock","16":"sale","17":"taxable","18":"shipping-taxable","19":"purchasable","20":"product-type-variable","21":"add-to-wishlist-before_image"},"exclude_global_add_ons":[],"addons":[],"acf":[],"_links":{"self":[{"href":"https:\/\/shop.kustom.ch\/fr\/wp-json\/wp\/v2\/product\/490632"}],"collection":[{"href":"https:\/\/shop.kustom.ch\/fr\/wp-json\/wp\/v2\/product"}],"about":[{"href":"https:\/\/shop.kustom.ch\/fr\/wp-json\/wp\/v2\/types\/product"}],"wp:featuredmedia":[{"embeddable":true,"href":"https:\/\/shop.kustom.ch\/fr\/wp-json\/wp\/v2\/media\/490694"}],"wp:attachment":[{"href":"https:\/\/shop.kustom.ch\/fr\/wp-json\/wp\/v2\/media?parent=490632"}],"wp:term":[{"taxonomy":"product_brand","embeddable":true,"href":"https:\/\/shop.kustom.ch\/fr\/wp-json\/wp\/v2\/product_brand?post=490632"},{"taxonomy":"product_cat","embeddable":true,"href":"https:\/\/shop.kustom.ch\/fr\/wp-json\/wp\/v2\/product_cat?post=490632"},{"taxonomy":"product_tag","embeddable":true,"href":"https:\/\/shop.kustom.ch\/fr\/wp-json\/wp\/v2\/product_tag?post=490632"}],"curies":[{"name":"wp","href":"https:\/\/api.w.org\/{rel}","templated":true}]}}