{"id":490580,"date":"2025-01-24T00:45:27","date_gmt":"2025-01-23T23:45:27","guid":{"rendered":"https:\/\/shop.kustom.ch\/?post_type=product&#038;p=490580"},"modified":"2026-03-31T13:10:15","modified_gmt":"2026-03-31T12:10:15","slug":"hubert-patch-reflective","status":"publish","type":"product","link":"https:\/\/shop.kustom.ch\/fr\/produit\/hubert-patch-reflective\/","title":{"rendered":"Hubert Patch Reflective"},"content":{"rendered":"<p>Bonnet tricot\u00e9 avec un revers et un fil r\u00e9fl\u00e9chissant. Ecusson \u00e0 imprimer sur le devant (dimensions 9,5 x 4,5 cm).<\/p>\n<p>Mat\u00e9riau : 100% acrylique<\/p>","protected":false},"excerpt":{"rendered":"<p>Strickm\u00fctze mit Umschlag und reflektierendem Faden. Aufn\u00e4her vorne zum Bedrucken (Gr\u00f6sse 9,5 x 4,5 cm). Material: 100% Acryl<\/p>","protected":false},"featured_media":490626,"template":"","meta":[],"product_brand":[],"product_cat":[4209],"product_tag":[],"class_list":{"0":"post-490580","1":"product","2":"type-product","3":"status-publish","4":"has-post-thumbnail","6":"product_cat-zubehoer","7":"pa_brand-clique","8":"pa_brand-type-sportswear","9":"pa_filter-color-weiss","11":"first","12":"instock","13":"sale","14":"taxable","15":"shipping-taxable","16":"purchasable","17":"product-type-variable","18":"add-to-wishlist-before_image"},"exclude_global_add_ons":[],"addons":[],"acf":[],"_links":{"self":[{"href":"https:\/\/shop.kustom.ch\/fr\/wp-json\/wp\/v2\/product\/490580"}],"collection":[{"href":"https:\/\/shop.kustom.ch\/fr\/wp-json\/wp\/v2\/product"}],"about":[{"href":"https:\/\/shop.kustom.ch\/fr\/wp-json\/wp\/v2\/types\/product"}],"wp:featuredmedia":[{"embeddable":true,"href":"https:\/\/shop.kustom.ch\/fr\/wp-json\/wp\/v2\/media\/490626"}],"wp:attachment":[{"href":"https:\/\/shop.kustom.ch\/fr\/wp-json\/wp\/v2\/media?parent=490580"}],"wp:term":[{"taxonomy":"product_brand","embeddable":true,"href":"https:\/\/shop.kustom.ch\/fr\/wp-json\/wp\/v2\/product_brand?post=490580"},{"taxonomy":"product_cat","embeddable":true,"href":"https:\/\/shop.kustom.ch\/fr\/wp-json\/wp\/v2\/product_cat?post=490580"},{"taxonomy":"product_tag","embeddable":true,"href":"https:\/\/shop.kustom.ch\/fr\/wp-json\/wp\/v2\/product_tag?post=490580"}],"curies":[{"name":"wp","href":"https:\/\/api.w.org\/{rel}","templated":true}]}}