{"id":490371,"date":"2025-01-24T00:44:33","date_gmt":"2025-01-23T23:44:33","guid":{"rendered":"https:\/\/shop.kustom.ch\/?post_type=product&#038;p=490371"},"modified":"2026-03-31T13:18:58","modified_gmt":"2026-03-31T12:18:58","slug":"hayden-women","status":"publish","type":"product","link":"https:\/\/shop.kustom.ch\/fr\/produit\/hayden-women\/","title":{"rendered":"Hayden Femmes"},"content":{"rendered":"<p>Veste \u00e0 capuche en tissu \u00e0 couche d'air, doux au toucher. Le polyester est issu de mat\u00e9riaux recycl\u00e9s. Deux poches lat\u00e9rales cach\u00e9es avec fermeture \u00e9clair et deux poches int\u00e9rieures. Poignets en mat\u00e9riau shell et bande \u00e9lastique \u00e0 la taille. Capuche r\u00e9glable avec cordon de serrage et \u00e9tiquette facilement d\u00e9tachable pour le r\u00e9\u00e9tiquetage.<\/p>\n<p>Mati\u00e8re : 50% polyester fil\u00e9, 24% polyester recycl\u00e9, 20% viscose, 6% \u00e9lasthanne.<\/p>","protected":false},"excerpt":{"rendered":"<p>Kapuzenjacke aus Luftschichtgewebe, das sich weich anf\u00fchlt. Der Polyesteranteil ist aus Recycling-Material. Zwei verborgene Seitentaschen mit Reissverschluss und zwei Innentaschen. \u00c4rmelb\u00fcndchen aus Shellmaterial und elastisches Band am Bund. Verstellbare Kapuze mit Kordelzug und leicht abnehmbare Etikette f\u00fcr Umetikettierung. Material: 50% Spun Dyed Polyester, 24% Recycling-Polyester, 20% Viskose, 6% Elasthan.<\/p>","protected":false},"featured_media":490396,"template":"","meta":[],"product_brand":[],"product_cat":[4184],"product_tag":[],"class_list":{"0":"post-490371","1":"product","2":"type-product","3":"status-publish","4":"has-post-thumbnail","6":"product_cat-hoodies-pullover","7":"pa_brand-clique","8":"pa_brand-type-sportswear","9":"pa_filter-color-blau","10":"pa_filter-color-gruen","11":"pa_filter-color-schwarz","13":"first","14":"instock","15":"sale","16":"taxable","17":"shipping-taxable","18":"purchasable","19":"product-type-variable","20":"add-to-wishlist-before_image"},"exclude_global_add_ons":[],"addons":[],"acf":[],"_links":{"self":[{"href":"https:\/\/shop.kustom.ch\/fr\/wp-json\/wp\/v2\/product\/490371"}],"collection":[{"href":"https:\/\/shop.kustom.ch\/fr\/wp-json\/wp\/v2\/product"}],"about":[{"href":"https:\/\/shop.kustom.ch\/fr\/wp-json\/wp\/v2\/types\/product"}],"wp:featuredmedia":[{"embeddable":true,"href":"https:\/\/shop.kustom.ch\/fr\/wp-json\/wp\/v2\/media\/490396"}],"wp:attachment":[{"href":"https:\/\/shop.kustom.ch\/fr\/wp-json\/wp\/v2\/media?parent=490371"}],"wp:term":[{"taxonomy":"product_brand","embeddable":true,"href":"https:\/\/shop.kustom.ch\/fr\/wp-json\/wp\/v2\/product_brand?post=490371"},{"taxonomy":"product_cat","embeddable":true,"href":"https:\/\/shop.kustom.ch\/fr\/wp-json\/wp\/v2\/product_cat?post=490371"},{"taxonomy":"product_tag","embeddable":true,"href":"https:\/\/shop.kustom.ch\/fr\/wp-json\/wp\/v2\/product_tag?post=490371"}],"curies":[{"name":"wp","href":"https:\/\/api.w.org\/{rel}","templated":true}]}}