{"id":490235,"date":"2025-01-24T00:43:56","date_gmt":"2025-01-23T23:43:56","guid":{"rendered":"https:\/\/shop.kustom.ch\/?post_type=product&#038;p=490235"},"modified":"2026-03-31T13:21:12","modified_gmt":"2026-03-31T12:21:12","slug":"hardy","status":"publish","type":"product","link":"https:\/\/shop.kustom.ch\/fr\/produit\/hardy\/","title":{"rendered":"Hardy"},"content":{"rendered":"<p>Coupe-vent classique avec capuche. Doublure int\u00e9rieure en filet. Deux poches lat\u00e9rales avec fermetures \u00e0 glissi\u00e8re. Bandes contrast\u00e9es sur la capuche, les poignets et les fermetures \u00e9clair.<\/p>\n<p>Mat\u00e9riau : polyester 100%<\/p>","protected":false},"excerpt":{"rendered":"<p>Klassischer Windbreaker mit Kapuze. Innen mit einem Netzfutter. Zwei Seitentaschen mit Reissverschl\u00fcssen. Kontraststreifen an der Kapuze, den \u00c4rmelb\u00fcndchen und den Reissverschl\u00fcssen. Material: 100% Polyester<\/p>","protected":false},"featured_media":490295,"template":"","meta":[],"product_brand":[],"product_cat":[4186],"product_tag":[],"class_list":{"0":"post-490235","1":"product","2":"type-product","3":"status-publish","4":"has-post-thumbnail","6":"product_cat-jacken","7":"pa_brand-clique","8":"pa_brand-type-sportswear","9":"pa_filter-color-blau","10":"pa_filter-color-grau","11":"pa_filter-color-rot","12":"pa_filter-color-schwarz","14":"first","15":"instock","16":"sale","17":"taxable","18":"shipping-taxable","19":"purchasable","20":"product-type-variable","21":"add-to-wishlist-before_image"},"exclude_global_add_ons":[],"addons":[],"acf":[],"_links":{"self":[{"href":"https:\/\/shop.kustom.ch\/fr\/wp-json\/wp\/v2\/product\/490235"}],"collection":[{"href":"https:\/\/shop.kustom.ch\/fr\/wp-json\/wp\/v2\/product"}],"about":[{"href":"https:\/\/shop.kustom.ch\/fr\/wp-json\/wp\/v2\/types\/product"}],"wp:featuredmedia":[{"embeddable":true,"href":"https:\/\/shop.kustom.ch\/fr\/wp-json\/wp\/v2\/media\/490295"}],"wp:attachment":[{"href":"https:\/\/shop.kustom.ch\/fr\/wp-json\/wp\/v2\/media?parent=490235"}],"wp:term":[{"taxonomy":"product_brand","embeddable":true,"href":"https:\/\/shop.kustom.ch\/fr\/wp-json\/wp\/v2\/product_brand?post=490235"},{"taxonomy":"product_cat","embeddable":true,"href":"https:\/\/shop.kustom.ch\/fr\/wp-json\/wp\/v2\/product_cat?post=490235"},{"taxonomy":"product_tag","embeddable":true,"href":"https:\/\/shop.kustom.ch\/fr\/wp-json\/wp\/v2\/product_tag?post=490235"}],"curies":[{"name":"wp","href":"https:\/\/api.w.org\/{rel}","templated":true}]}}