{"id":490167,"date":"2025-01-24T00:43:29","date_gmt":"2025-01-23T23:43:29","guid":{"rendered":"https:\/\/shop.kustom.ch\/?post_type=product&#038;p=490167"},"modified":"2026-03-31T13:13:09","modified_gmt":"2026-03-31T12:13:09","slug":"grover-reflective","status":"publish","type":"product","link":"https:\/\/shop.kustom.ch\/fr\/produit\/grover-reflective\/","title":{"rendered":"Grover Reflective"},"content":{"rendered":"<p>Bonnet finement tricot\u00e9 avec deux bandes r\u00e9fl\u00e9chissantes pour une bonne visibilit\u00e9. Doublure en coton tricot\u00e9. Indice : 250 lumens.<\/p>\n<p>Mati\u00e8re : 100% acrylique. Doublure : 100% coton<\/p>","protected":false},"excerpt":{"rendered":"<p>Fein gestrickte M\u00fctze mit zwei reflektierenden Streifen f\u00fcr gute Sichtbarkeit. Gestricktes Baumwollfutter. Index : 250 Lumen. Material: 100% Acryl. Futter: 100% Baumwolle<\/p>","protected":false},"featured_media":490231,"template":"","meta":[],"product_brand":[],"product_cat":[4209],"product_tag":[],"class_list":{"0":"post-490167","1":"product","2":"type-product","3":"status-publish","4":"has-post-thumbnail","6":"product_cat-zubehoer","7":"pa_brand-clique","8":"pa_brand-type-sportswear","9":"pa_filter-color-weiss","11":"first","12":"instock","13":"sale","14":"taxable","15":"shipping-taxable","16":"purchasable","17":"product-type-variable","18":"add-to-wishlist-before_image"},"exclude_global_add_ons":[],"addons":[],"acf":[],"_links":{"self":[{"href":"https:\/\/shop.kustom.ch\/fr\/wp-json\/wp\/v2\/product\/490167"}],"collection":[{"href":"https:\/\/shop.kustom.ch\/fr\/wp-json\/wp\/v2\/product"}],"about":[{"href":"https:\/\/shop.kustom.ch\/fr\/wp-json\/wp\/v2\/types\/product"}],"wp:featuredmedia":[{"embeddable":true,"href":"https:\/\/shop.kustom.ch\/fr\/wp-json\/wp\/v2\/media\/490231"}],"wp:attachment":[{"href":"https:\/\/shop.kustom.ch\/fr\/wp-json\/wp\/v2\/media?parent=490167"}],"wp:term":[{"taxonomy":"product_brand","embeddable":true,"href":"https:\/\/shop.kustom.ch\/fr\/wp-json\/wp\/v2\/product_brand?post=490167"},{"taxonomy":"product_cat","embeddable":true,"href":"https:\/\/shop.kustom.ch\/fr\/wp-json\/wp\/v2\/product_cat?post=490167"},{"taxonomy":"product_tag","embeddable":true,"href":"https:\/\/shop.kustom.ch\/fr\/wp-json\/wp\/v2\/product_tag?post=490167"}],"curies":[{"name":"wp","href":"https:\/\/api.w.org\/{rel}","templated":true}]}}