{"id":490100,"date":"2025-01-24T00:43:05","date_gmt":"2025-01-23T23:43:05","guid":{"rendered":"https:\/\/shop.kustom.ch\/?post_type=product&#038;p=490100"},"modified":"2026-03-31T13:09:51","modified_gmt":"2026-03-31T12:09:51","slug":"gerry","status":"publish","type":"product","link":"https:\/\/shop.kustom.ch\/fr\/produit\/gerry\/","title":{"rendered":"Gerry"},"content":{"rendered":"<p>Veste sweat sportive avec capuche. Aspect piqu\u00e9 \u00e0 l'ext\u00e9rieur, l'int\u00e9rieur est gratt\u00e9. Capuche avec cordon de serrage et doublure contrast\u00e9e, passepoil contrast\u00e9 sur la couture des \u00e9paules et bandes contrast\u00e9es \u00e0 la taille et aux poignets.<\/p>\n<p>Mati\u00e8re : polyester 80%, coton 20%<\/p>","protected":false},"excerpt":{"rendered":"<p>Sportliche Sweatjacke mit Kapuze. Aussen in Piqu\u00e9 Optik, die Innenseite ist angeraut. Kapuze mit Kordelzug und Kontrastfutter, Kontrast Paspelierung bei Schulternaht und Kontraststreifen an Bund und \u00c4rmelabschluss. Material: 80% Polyester, 20% Baumwolle<\/p>","protected":false},"featured_media":490132,"template":"","meta":[],"product_brand":[],"product_cat":[4184],"product_tag":[],"class_list":{"0":"post-490100","1":"product","2":"type-product","3":"status-publish","4":"has-post-thumbnail","6":"product_cat-hoodies-pullover","7":"pa_brand-clique","8":"pa_brand-type-sportswear","9":"pa_filter-color-blau","10":"pa_filter-color-grau","11":"pa_filter-color-rot","12":"pa_filter-color-schwarz","13":"pa_filter-color-weiss","15":"first","16":"instock","17":"sale","18":"taxable","19":"shipping-taxable","20":"purchasable","21":"product-type-variable","22":"add-to-wishlist-before_image"},"exclude_global_add_ons":[],"addons":[],"acf":[],"_links":{"self":[{"href":"https:\/\/shop.kustom.ch\/fr\/wp-json\/wp\/v2\/product\/490100"}],"collection":[{"href":"https:\/\/shop.kustom.ch\/fr\/wp-json\/wp\/v2\/product"}],"about":[{"href":"https:\/\/shop.kustom.ch\/fr\/wp-json\/wp\/v2\/types\/product"}],"wp:featuredmedia":[{"embeddable":true,"href":"https:\/\/shop.kustom.ch\/fr\/wp-json\/wp\/v2\/media\/490132"}],"wp:attachment":[{"href":"https:\/\/shop.kustom.ch\/fr\/wp-json\/wp\/v2\/media?parent=490100"}],"wp:term":[{"taxonomy":"product_brand","embeddable":true,"href":"https:\/\/shop.kustom.ch\/fr\/wp-json\/wp\/v2\/product_brand?post=490100"},{"taxonomy":"product_cat","embeddable":true,"href":"https:\/\/shop.kustom.ch\/fr\/wp-json\/wp\/v2\/product_cat?post=490100"},{"taxonomy":"product_tag","embeddable":true,"href":"https:\/\/shop.kustom.ch\/fr\/wp-json\/wp\/v2\/product_tag?post=490100"}],"curies":[{"name":"wp","href":"https:\/\/api.w.org\/{rel}","templated":true}]}}