{"id":489961,"date":"2025-01-24T00:42:19","date_gmt":"2025-01-23T23:42:19","guid":{"rendered":"https:\/\/shop.kustom.ch\/?post_type=product&#038;p=489961"},"modified":"2026-03-31T13:20:00","modified_gmt":"2026-03-31T12:20:00","slug":"eskie","status":"publish","type":"product","link":"https:\/\/shop.kustom.ch\/fr\/produit\/eskie\/","title":{"rendered":"Eskie"},"content":{"rendered":"<p>Une parka unisexe de style exp\u00e9dition, avec une doublure \u00e9paisse. Capuche amovible et r\u00e9glable. Manches pr\u00e9form\u00e9es pour une plus grande libert\u00e9 de mouvement. Quatre poches ext\u00e9rieures avec fermetures \u00e0 glissi\u00e8re \u00e9tanches et deux poches ext\u00e9rieures avec aimants. Une poche de s\u00e9curit\u00e9 cach\u00e9e avec une solution pour les \u00e9couteurs \u00e0 l'int\u00e9rieur de la patte de boutonnage. Deux poches int\u00e9rieures zipp\u00e9es et deux poches int\u00e9rieures en filet. Cordon de serrage \u00e0 la taille et \u00e0 l'ourlet. Poignets r\u00e9glables par velcro avec bord-c\u00f4te int\u00e9rieur dans la manche. Une fermeture \u00e0 glissi\u00e8re dans la doublure facilite l'impression ou la broderie.<\/p>\n<p>Mati\u00e8re : Nylon 100% ; Taslan ; 70D*320D + PU, rev\u00eatement transparent ; WP 5000\/MVP 3000<\/p>","protected":false},"excerpt":{"rendered":"<p>Ein Unisex Parka im Expeditionsstil, dick gef\u00fcttert. Abnehmbare und verstellbare Kapuze. Vorgeformte \u00c4rmel f\u00fcr mehr Bewegungsfreiheit. Vier Aussentaschen mit wasserdichten Reissverschl\u00fcssen und zwei Aussentaschen mit Magneten. Eine versteckte Sicherheitstasche mit einer Kopfh\u00f6rerl\u00f6sung an der Innenseite der Knopfleiste. Zwei innere Reissverschlusstaschen und zwei innere Netztaschen. Kordelzug in Taille und Saum. Mit Klettverschluss verstellbare \u00c4rmelb\u00fcndchen mit innenliegendem [&hellip;]<\/p>\n","protected":false},"featured_media":490025,"template":"","meta":[],"product_brand":[],"product_cat":[4186],"product_tag":[],"class_list":{"0":"post-489961","1":"product","2":"type-product","3":"status-publish","4":"has-post-thumbnail","6":"product_cat-jacken","7":"pa_brand-clique","8":"pa_brand-type-sportswear","9":"pa_filter-color-schwarz","11":"first","12":"instock","13":"sale","14":"taxable","15":"shipping-taxable","16":"purchasable","17":"product-type-variable","18":"add-to-wishlist-before_image"},"exclude_global_add_ons":[],"addons":[],"acf":[],"_links":{"self":[{"href":"https:\/\/shop.kustom.ch\/fr\/wp-json\/wp\/v2\/product\/489961"}],"collection":[{"href":"https:\/\/shop.kustom.ch\/fr\/wp-json\/wp\/v2\/product"}],"about":[{"href":"https:\/\/shop.kustom.ch\/fr\/wp-json\/wp\/v2\/types\/product"}],"wp:featuredmedia":[{"embeddable":true,"href":"https:\/\/shop.kustom.ch\/fr\/wp-json\/wp\/v2\/media\/490025"}],"wp:attachment":[{"href":"https:\/\/shop.kustom.ch\/fr\/wp-json\/wp\/v2\/media?parent=489961"}],"wp:term":[{"taxonomy":"product_brand","embeddable":true,"href":"https:\/\/shop.kustom.ch\/fr\/wp-json\/wp\/v2\/product_brand?post=489961"},{"taxonomy":"product_cat","embeddable":true,"href":"https:\/\/shop.kustom.ch\/fr\/wp-json\/wp\/v2\/product_cat?post=489961"},{"taxonomy":"product_tag","embeddable":true,"href":"https:\/\/shop.kustom.ch\/fr\/wp-json\/wp\/v2\/product_tag?post=489961"}],"curies":[{"name":"wp","href":"https:\/\/api.w.org\/{rel}","templated":true}]}}