{"id":489960,"date":"2025-01-24T00:42:19","date_gmt":"2025-01-23T23:42:19","guid":{"rendered":"https:\/\/shop.kustom.ch\/?post_type=product&#038;p=489960"},"modified":"2026-03-31T13:20:10","modified_gmt":"2026-03-31T12:20:10","slug":"elgin","status":"publish","type":"product","link":"https:\/\/shop.kustom.ch\/fr\/produit\/elgin\/","title":{"rendered":"Elgin"},"content":{"rendered":"<p>T-shirt \u00e0 col roul\u00e9 et manches longues, jersey simple pr\u00e9-r\u00e9tr\u00e9ci, col et bas des manches avec \u00e9lasthanne.<\/p>\n<p>Mati\u00e8re : 100% coton peign\u00e9 \u00e0 fil de cha\u00eene continu.<\/p>","protected":false},"excerpt":{"rendered":"<p>Rollkragen Langarm Shirt, Single Jersey vorgeschrumpft, Kragen und \u00c4rmelabschluss mit Elasthan. Material: 100% gek\u00e4mmte und ringgesponnene Baumwolle.<\/p>","protected":false},"featured_media":490013,"template":"","meta":[],"product_brand":[],"product_cat":[4193],"product_tag":[],"class_list":{"0":"post-489960","1":"product","2":"type-product","3":"status-publish","4":"has-post-thumbnail","6":"product_cat-polos","7":"pa_brand-clique","8":"pa_brand-type-sportswear","9":"pa_filter-color-schwarz","10":"pa_filter-color-weiss","12":"first","13":"instock","14":"sale","15":"taxable","16":"shipping-taxable","17":"purchasable","18":"product-type-variable","19":"add-to-wishlist-before_image"},"exclude_global_add_ons":[],"addons":[],"acf":[],"_links":{"self":[{"href":"https:\/\/shop.kustom.ch\/fr\/wp-json\/wp\/v2\/product\/489960"}],"collection":[{"href":"https:\/\/shop.kustom.ch\/fr\/wp-json\/wp\/v2\/product"}],"about":[{"href":"https:\/\/shop.kustom.ch\/fr\/wp-json\/wp\/v2\/types\/product"}],"wp:featuredmedia":[{"embeddable":true,"href":"https:\/\/shop.kustom.ch\/fr\/wp-json\/wp\/v2\/media\/490013"}],"wp:attachment":[{"href":"https:\/\/shop.kustom.ch\/fr\/wp-json\/wp\/v2\/media?parent=489960"}],"wp:term":[{"taxonomy":"product_brand","embeddable":true,"href":"https:\/\/shop.kustom.ch\/fr\/wp-json\/wp\/v2\/product_brand?post=489960"},{"taxonomy":"product_cat","embeddable":true,"href":"https:\/\/shop.kustom.ch\/fr\/wp-json\/wp\/v2\/product_cat?post=489960"},{"taxonomy":"product_tag","embeddable":true,"href":"https:\/\/shop.kustom.ch\/fr\/wp-json\/wp\/v2\/product_tag?post=489960"}],"curies":[{"name":"wp","href":"https:\/\/api.w.org\/{rel}","templated":true}]}}