{"id":489958,"date":"2025-01-24T00:42:19","date_gmt":"2025-01-23T23:42:19","guid":{"rendered":"https:\/\/shop.kustom.ch\/?post_type=product&#038;p=489958"},"modified":"2026-03-31T13:20:14","modified_gmt":"2026-03-31T12:20:14","slug":"dumas-women","status":"publish","type":"product","link":"https:\/\/shop.kustom.ch\/fr\/produit\/dumas-women\/","title":{"rendered":"Dumas Femmes"},"content":{"rendered":"<p>Une veste chaude et matelass\u00e9e, faite pour les conditions froides et sombres, gr\u00e2ce aux propri\u00e9t\u00e9s r\u00e9fl\u00e9chissantes. La capuche est amovible et r\u00e9glable. Fermetures \u00e0 glissi\u00e8re SBS \u00e9tanches sur les poches de poitrine et avant. Deux grandes poches int\u00e9rieures en filet. Cordon de serrage \u00e0 l'ourlet pour les hommes et version f\u00e9minine \u00e0 la taille. Poignets r\u00e9glables par velcro avec bord-c\u00f4te int\u00e9rieur. Deux fermetures \u00e0 glissi\u00e8re dans la doublure facilitent l'impression ou la broderie.<\/p>\n<p>Mati\u00e8re : 100 % polyester + rev\u00eatement TPU 50D*50D 100 % polyester avec rev\u00eatement r\u00e9fl\u00e9chissant ; WP 5000\/MVP 3000.<\/p>","protected":false},"excerpt":{"rendered":"<p>Eine warm wattierte Jacke, die f\u00fcr kalte und dunkle Bedingungen gemacht ist, dank den reflektierenden Eigenschaften. Die Kapuze ist abnehmbar und verstellbar. Wasserdichte SBS-Reissverschl\u00fcsse an Brust- und Fronttaschen. Zwei grosse Netz Innentaschen. Kordelzug im Saum f\u00fcr Herren und Damenversion in der Taille. Mit Klettverschluss verstellbare \u00c4rmelb\u00fcndchen mit innenliegendem Rippenb\u00fcndchen. Zwei Reissverschl\u00fcsse im Futter erleichtern das [&hellip;]<\/p>\n","protected":false},"featured_media":489997,"template":"","meta":[],"product_brand":[],"product_cat":[4186],"product_tag":[],"class_list":{"0":"post-489958","1":"product","2":"type-product","3":"status-publish","4":"has-post-thumbnail","6":"product_cat-jacken","7":"pa_brand-clique","8":"pa_brand-type-sportswear","9":"pa_filter-color-weiss","11":"first","12":"instock","13":"sale","14":"taxable","15":"shipping-taxable","16":"purchasable","17":"product-type-variable","18":"add-to-wishlist-before_image"},"exclude_global_add_ons":[],"addons":[],"acf":[],"_links":{"self":[{"href":"https:\/\/shop.kustom.ch\/fr\/wp-json\/wp\/v2\/product\/489958"}],"collection":[{"href":"https:\/\/shop.kustom.ch\/fr\/wp-json\/wp\/v2\/product"}],"about":[{"href":"https:\/\/shop.kustom.ch\/fr\/wp-json\/wp\/v2\/types\/product"}],"wp:featuredmedia":[{"embeddable":true,"href":"https:\/\/shop.kustom.ch\/fr\/wp-json\/wp\/v2\/media\/489997"}],"wp:attachment":[{"href":"https:\/\/shop.kustom.ch\/fr\/wp-json\/wp\/v2\/media?parent=489958"}],"wp:term":[{"taxonomy":"product_brand","embeddable":true,"href":"https:\/\/shop.kustom.ch\/fr\/wp-json\/wp\/v2\/product_brand?post=489958"},{"taxonomy":"product_cat","embeddable":true,"href":"https:\/\/shop.kustom.ch\/fr\/wp-json\/wp\/v2\/product_cat?post=489958"},{"taxonomy":"product_tag","embeddable":true,"href":"https:\/\/shop.kustom.ch\/fr\/wp-json\/wp\/v2\/product_tag?post=489958"}],"curies":[{"name":"wp","href":"https:\/\/api.w.org\/{rel}","templated":true}]}}