{"id":489908,"date":"2025-01-24T00:41:53","date_gmt":"2025-01-23T23:41:53","guid":{"rendered":"https:\/\/shop.kustom.ch\/?post_type=product&#038;p=489908"},"modified":"2026-03-31T13:13:44","modified_gmt":"2026-03-31T12:13:44","slug":"ducan","status":"publish","type":"product","link":"https:\/\/shop.kustom.ch\/fr\/produit\/ducan\/","title":{"rendered":"Ducan"},"content":{"rendered":"<p>Veste sweat fonctionnelle avec col montant. Fermeture \u00e9clair en blanc contrast\u00e9. Deux poches dans les coutures lat\u00e9rales et une petite poche sur le bras. Des tire-zips en quatre couleurs sont fournis (orange, rouge, noir, blanc).<\/p>\n<p>Mati\u00e8re : polyester 100%.<\/p>","protected":false},"excerpt":{"rendered":"<p>Funktionelle Sweatjacke mit Stehkragen. Reissverschluss in Kontrastfarbe weiss. Zwei Taschen in den Seitenn\u00e4hten und eine kleine Tasche am Oberarm. Es werden Zipper Puller in vier Farben mitgeliefert (Orange, Rot, Schwarz, Weiss). Material: 100% Polyester.<\/p>","protected":false},"featured_media":489957,"template":"","meta":[],"product_brand":[],"product_cat":[4191],"product_tag":[],"class_list":{"0":"post-489908","1":"product","2":"type-product","3":"status-publish","4":"has-post-thumbnail","6":"product_cat-longsleeves-sweatshirts","7":"pa_brand-clique","8":"pa_brand-type-sportswear","9":"pa_filter-color-blau","10":"pa_filter-color-rot","11":"pa_filter-color-schwarz","13":"first","14":"instock","15":"sale","16":"taxable","17":"shipping-taxable","18":"purchasable","19":"product-type-variable","20":"add-to-wishlist-before_image"},"exclude_global_add_ons":[],"addons":[],"acf":[],"_links":{"self":[{"href":"https:\/\/shop.kustom.ch\/fr\/wp-json\/wp\/v2\/product\/489908"}],"collection":[{"href":"https:\/\/shop.kustom.ch\/fr\/wp-json\/wp\/v2\/product"}],"about":[{"href":"https:\/\/shop.kustom.ch\/fr\/wp-json\/wp\/v2\/types\/product"}],"wp:featuredmedia":[{"embeddable":true,"href":"https:\/\/shop.kustom.ch\/fr\/wp-json\/wp\/v2\/media\/489957"}],"wp:attachment":[{"href":"https:\/\/shop.kustom.ch\/fr\/wp-json\/wp\/v2\/media?parent=489908"}],"wp:term":[{"taxonomy":"product_brand","embeddable":true,"href":"https:\/\/shop.kustom.ch\/fr\/wp-json\/wp\/v2\/product_brand?post=489908"},{"taxonomy":"product_cat","embeddable":true,"href":"https:\/\/shop.kustom.ch\/fr\/wp-json\/wp\/v2\/product_cat?post=489908"},{"taxonomy":"product_tag","embeddable":true,"href":"https:\/\/shop.kustom.ch\/fr\/wp-json\/wp\/v2\/product_tag?post=489908"}],"curies":[{"name":"wp","href":"https:\/\/api.w.org\/{rel}","templated":true}]}}