{"id":489837,"date":"2025-01-24T00:41:26","date_gmt":"2025-01-23T23:41:26","guid":{"rendered":"https:\/\/shop.kustom.ch\/?post_type=product&#038;p=489837"},"modified":"2026-05-06T08:52:54","modified_gmt":"2026-05-06T07:52:54","slug":"davis-kids","status":"publish","type":"product","link":"https:\/\/shop.kustom.ch\/fr\/produit\/davis-kids\/","title":{"rendered":"Davis Kids"},"content":{"rendered":"<p>Casquette pour enfants avec visi\u00e8re renforc\u00e9e et de couleur contrast\u00e9e, bande r\u00e9glable avec fermeture en laiton.<\/p>\n<p>Mati\u00e8re : serg\u00e9 de coton 100%.<\/p>","protected":false},"excerpt":{"rendered":"<p>Cap f\u00fcr Kinder mit farblich abgesetztem und verst\u00e4rktem Schirm, verstellbares Band mit Messingverschluss. Material: 100% Baumwoll-Twill.<\/p>","protected":false},"featured_media":489904,"template":"","meta":[],"product_brand":[],"product_cat":[4177,4209],"product_tag":[],"class_list":{"0":"post-489837","1":"product","2":"type-product","3":"status-publish","4":"has-post-thumbnail","6":"product_cat-caps-muetzen","7":"product_cat-zubehoer","8":"pa_brand-clique","9":"pa_brand-type-sportswear","10":"pa_filter-color-beige","11":"pa_filter-color-blau","12":"pa_filter-color-rot","13":"pa_filter-color-schwarz","15":"first","16":"instock","17":"sale","18":"taxable","19":"shipping-taxable","20":"purchasable","21":"product-type-variable","22":"add-to-wishlist-before_image"},"exclude_global_add_ons":[],"addons":[],"acf":[],"_links":{"self":[{"href":"https:\/\/shop.kustom.ch\/fr\/wp-json\/wp\/v2\/product\/489837"}],"collection":[{"href":"https:\/\/shop.kustom.ch\/fr\/wp-json\/wp\/v2\/product"}],"about":[{"href":"https:\/\/shop.kustom.ch\/fr\/wp-json\/wp\/v2\/types\/product"}],"wp:featuredmedia":[{"embeddable":true,"href":"https:\/\/shop.kustom.ch\/fr\/wp-json\/wp\/v2\/media\/489904"}],"wp:attachment":[{"href":"https:\/\/shop.kustom.ch\/fr\/wp-json\/wp\/v2\/media?parent=489837"}],"wp:term":[{"taxonomy":"product_brand","embeddable":true,"href":"https:\/\/shop.kustom.ch\/fr\/wp-json\/wp\/v2\/product_brand?post=489837"},{"taxonomy":"product_cat","embeddable":true,"href":"https:\/\/shop.kustom.ch\/fr\/wp-json\/wp\/v2\/product_cat?post=489837"},{"taxonomy":"product_tag","embeddable":true,"href":"https:\/\/shop.kustom.ch\/fr\/wp-json\/wp\/v2\/product_tag?post=489837"}],"curies":[{"name":"wp","href":"https:\/\/api.w.org\/{rel}","templated":true}]}}