{"id":489833,"date":"2025-01-24T00:41:26","date_gmt":"2025-01-23T23:41:26","guid":{"rendered":"https:\/\/shop.kustom.ch\/?post_type=product&#038;p=489833"},"modified":"2026-03-31T13:21:38","modified_gmt":"2026-03-31T12:21:38","slug":"custer","status":"publish","type":"product","link":"https:\/\/shop.kustom.ch\/fr\/produit\/custer\/","title":{"rendered":"Custer"},"content":{"rendered":"<p>Veste polaire l\u00e9g\u00e8rement doubl\u00e9e avec motif r\u00e9fl\u00e9chissant. Deux poches lat\u00e9rales et une poche cach\u00e9e sur la manche avec fermetures \u00e9clair, trous pour les pouces \u00e0 la fin des manches et passage pour les \u00e9couteurs \u00e0 l'int\u00e9rieur.<\/p>\n<p>Mati\u00e8re : Polyester 100% ; WP 5000\/MVP 3000<\/p>","protected":false},"excerpt":{"rendered":"<p>Leicht gef\u00fctterte Fleece Jacke mit reflektierendem Muster. Zwei Seitentaschen und eine versteckte \u00c4rmeltasche mit Reissverschl\u00fcssen, Daumenl\u00f6cher am \u00c4rmelabschluss und Kopfh\u00f6rerf\u00fchrung Innen. Material: 100% Polyester ; WP 5000\/MVP 3000<\/p>","protected":false},"featured_media":489839,"template":"","meta":[],"product_brand":[],"product_cat":[4184],"product_tag":[],"class_list":{"0":"post-489833","1":"product","2":"type-product","3":"status-publish","4":"has-post-thumbnail","6":"product_cat-hoodies-pullover","7":"pa_brand-clique","8":"pa_brand-type-sportswear","9":"pa_filter-color-schwarz","11":"first","12":"instock","13":"sale","14":"taxable","15":"shipping-taxable","16":"purchasable","17":"product-type-variable","18":"add-to-wishlist-before_image"},"exclude_global_add_ons":[],"addons":[],"acf":[],"_links":{"self":[{"href":"https:\/\/shop.kustom.ch\/fr\/wp-json\/wp\/v2\/product\/489833"}],"collection":[{"href":"https:\/\/shop.kustom.ch\/fr\/wp-json\/wp\/v2\/product"}],"about":[{"href":"https:\/\/shop.kustom.ch\/fr\/wp-json\/wp\/v2\/types\/product"}],"wp:featuredmedia":[{"embeddable":true,"href":"https:\/\/shop.kustom.ch\/fr\/wp-json\/wp\/v2\/media\/489839"}],"wp:attachment":[{"href":"https:\/\/shop.kustom.ch\/fr\/wp-json\/wp\/v2\/media?parent=489833"}],"wp:term":[{"taxonomy":"product_brand","embeddable":true,"href":"https:\/\/shop.kustom.ch\/fr\/wp-json\/wp\/v2\/product_brand?post=489833"},{"taxonomy":"product_cat","embeddable":true,"href":"https:\/\/shop.kustom.ch\/fr\/wp-json\/wp\/v2\/product_cat?post=489833"},{"taxonomy":"product_tag","embeddable":true,"href":"https:\/\/shop.kustom.ch\/fr\/wp-json\/wp\/v2\/product_tag?post=489833"}],"curies":[{"name":"wp","href":"https:\/\/api.w.org\/{rel}","templated":true}]}}