{"id":489766,"date":"2025-01-24T00:41:09","date_gmt":"2025-01-23T23:41:09","guid":{"rendered":"https:\/\/shop.kustom.ch\/?post_type=product&#038;p=489766"},"modified":"2026-03-31T13:21:42","modified_gmt":"2026-03-31T12:21:42","slug":"creston","status":"publish","type":"product","link":"https:\/\/shop.kustom.ch\/fr\/produit\/creston\/","title":{"rendered":"Creston"},"content":{"rendered":"<p>Parks rembourr\u00e9s avec une doublure en peluche douce dans la capuche. Poche de poitrine avec fermeture \u00e9clair, 2 poches avant avec aimants et poche int\u00e9rieure avec fermeture \u00e9clair. Int\u00e9rieur matelass\u00e9 et cordon de serrage \u00e0 l'ourlet. Poignets r\u00e9glables et passage pour \u00e9couteurs. Fermeture \u00e0 glissi\u00e8re de finition. WP \/ MVP 5000\/3000 mm.<\/p>\n<p>Mati\u00e8re : nylon 100%, Full Dull Taslan, 70D * 320D + rev\u00eatement PU transparent ; WP\/MVP 5000\/3000 mm<\/p>","protected":false},"excerpt":{"rendered":"<p>Gepolsterter Parks mit weichem Teddy-Futter in der Kapuze. Brusttasche mit Reissverschluss, 2 Fronttaschen mit Magneten und Innentasche mit Reissverschluss. Innen gesteppt und mit Kordelzug im Saum. Einstellbare Manschetten und Kopfh\u00f6rerf\u00fchrung. Veredelungsreissverschluss. WP \/ MVP 5000\/3000 mm. Material: 100% Nylon, Full Dull Taslan, 70D * 320D + transparente PU Beschichtung; WP\/MVP 5000\/3000 mm<\/p>","protected":false},"featured_media":489826,"template":"","meta":[],"product_brand":[],"product_cat":[4186],"product_tag":[],"class_list":{"0":"post-489766","1":"product","2":"type-product","3":"status-publish","4":"has-post-thumbnail","6":"product_cat-jacken","7":"pa_brand-clique","8":"pa_brand-type-sportswear","9":"pa_filter-color-schwarz","11":"first","12":"instock","13":"sale","14":"taxable","15":"shipping-taxable","16":"purchasable","17":"product-type-variable","18":"add-to-wishlist-before_image"},"exclude_global_add_ons":[],"addons":[],"acf":[],"_links":{"self":[{"href":"https:\/\/shop.kustom.ch\/fr\/wp-json\/wp\/v2\/product\/489766"}],"collection":[{"href":"https:\/\/shop.kustom.ch\/fr\/wp-json\/wp\/v2\/product"}],"about":[{"href":"https:\/\/shop.kustom.ch\/fr\/wp-json\/wp\/v2\/types\/product"}],"wp:featuredmedia":[{"embeddable":true,"href":"https:\/\/shop.kustom.ch\/fr\/wp-json\/wp\/v2\/media\/489826"}],"wp:attachment":[{"href":"https:\/\/shop.kustom.ch\/fr\/wp-json\/wp\/v2\/media?parent=489766"}],"wp:term":[{"taxonomy":"product_brand","embeddable":true,"href":"https:\/\/shop.kustom.ch\/fr\/wp-json\/wp\/v2\/product_brand?post=489766"},{"taxonomy":"product_cat","embeddable":true,"href":"https:\/\/shop.kustom.ch\/fr\/wp-json\/wp\/v2\/product_cat?post=489766"},{"taxonomy":"product_tag","embeddable":true,"href":"https:\/\/shop.kustom.ch\/fr\/wp-json\/wp\/v2\/product_tag?post=489766"}],"curies":[{"name":"wp","href":"https:\/\/api.w.org\/{rel}","templated":true}]}}