{"id":489698,"date":"2025-01-24T00:40:52","date_gmt":"2025-01-23T23:40:52","guid":{"rendered":"https:\/\/shop.kustom.ch\/?post_type=product&#038;p=489698"},"modified":"2026-03-31T13:21:42","modified_gmt":"2026-03-31T12:21:42","slug":"colorado-women","status":"publish","type":"product","link":"https:\/\/shop.kustom.ch\/fr\/produit\/colorado-women\/","title":{"rendered":"Colorado Femmes"},"content":{"rendered":"<p>Une veste d'hiver chaudement rembourr\u00e9e. Fermeture \u00e0 glissi\u00e8re SBS \u00e9tanche sur la poitrine et les poches avant. Capuche amovible et r\u00e9glable. Livr\u00e9e avec 2 grandes poches int\u00e9rieures en mesh. Cordon de serrage \u00e0 l'ourlet et cordon de serrage pour femmes \u00e0 la taille. Manchette int\u00e9rieure \u00e0 c\u00f4tes 2\u00d72 aux manches. Fermeture \u00e0 glissi\u00e8re dans la doublure facilitant l'impression ou la broderie. WP \/ MVP 5000\/3000 mm.<\/p>\n<p>Mat\u00e9riaux : Tissu principal : 100% polyester, 50D c\u00f4tel\u00e9 + film TPU ; Tissu des \u00e9paules : 100% polyester + enduction TPU 50D * 50D ; WP\/MVP 5000\/3000 mm<\/p>","protected":false},"excerpt":{"rendered":"<p>Eine warm gepolsterte Winterjacke. Wasserdichter SBS-Reissverschluss an Brust- und Vordertaschen. Abnehmbare und verstellbare Kapuze. Kommt mir 2 grossen Mesh-Innentaschen. Tunnelzug im Saum und Tunnelzug f\u00fcr Damen in der Taille. Innere 2&#215;2 Rippenmanschette an \u00c4rmeln. Reissverschluss im Futter erleichtert das Bedrucken oder Besticken. WP \/ MVP 5000\/3000 mm. Material: Hauptgewebe: 100% Polyester, 50D-Rippenstopp + TPU-Film; Schultergewebe: [&hellip;]<\/p>\n","protected":false},"featured_media":489741,"template":"","meta":[],"product_brand":[],"product_cat":[4186],"product_tag":[],"class_list":{"0":"post-489698","1":"product","2":"type-product","3":"status-publish","4":"has-post-thumbnail","6":"product_cat-jacken","7":"pa_brand-clique","8":"pa_brand-type-sportswear","9":"pa_filter-color-blau","10":"pa_filter-color-grau","11":"pa_filter-color-schwarz","13":"first","14":"instock","15":"sale","16":"taxable","17":"shipping-taxable","18":"purchasable","19":"product-type-variable","20":"add-to-wishlist-before_image"},"exclude_global_add_ons":[],"addons":[],"acf":[],"_links":{"self":[{"href":"https:\/\/shop.kustom.ch\/fr\/wp-json\/wp\/v2\/product\/489698"}],"collection":[{"href":"https:\/\/shop.kustom.ch\/fr\/wp-json\/wp\/v2\/product"}],"about":[{"href":"https:\/\/shop.kustom.ch\/fr\/wp-json\/wp\/v2\/types\/product"}],"wp:featuredmedia":[{"embeddable":true,"href":"https:\/\/shop.kustom.ch\/fr\/wp-json\/wp\/v2\/media\/489741"}],"wp:attachment":[{"href":"https:\/\/shop.kustom.ch\/fr\/wp-json\/wp\/v2\/media?parent=489698"}],"wp:term":[{"taxonomy":"product_brand","embeddable":true,"href":"https:\/\/shop.kustom.ch\/fr\/wp-json\/wp\/v2\/product_brand?post=489698"},{"taxonomy":"product_cat","embeddable":true,"href":"https:\/\/shop.kustom.ch\/fr\/wp-json\/wp\/v2\/product_cat?post=489698"},{"taxonomy":"product_tag","embeddable":true,"href":"https:\/\/shop.kustom.ch\/fr\/wp-json\/wp\/v2\/product_tag?post=489698"}],"curies":[{"name":"wp","href":"https:\/\/api.w.org\/{rel}","templated":true}]}}