{"id":489630,"date":"2025-01-24T00:40:41","date_gmt":"2025-01-23T23:40:41","guid":{"rendered":"https:\/\/shop.kustom.ch\/?post_type=product&#038;p=489630"},"modified":"2026-05-07T10:02:17","modified_gmt":"2026-05-07T09:02:17","slug":"classic-t","status":"publish","type":"product","link":"https:\/\/shop.kustom.ch\/fr\/produit\/classic-t\/","title":{"rendered":"Classic-T"},"content":{"rendered":"<p>T-Shirt in weitem Schnitt aus feinster gek\u00e4mmter und vorgeschrumpfter Baumwolle. Nackenband, doppelte N\u00e4hte am Kragen und B\u00fcndchen, ohne Seitennaht.<\/p>\n<p>Material: 100% gek\u00e4mmte und vorgeschrumpfte Baumwolle (Graumeliert [95] 85% Baumwolle und 15% Viskose)<\/p>\n","protected":false},"excerpt":{"rendered":"<p>T-Shirt in weitem Schnitt aus feinster gek\u00e4mmter und vorgeschrumpfter Baumwolle. Nackenband, doppelte N\u00e4hte am Kragen und B\u00fcndchen, ohne Seitennaht. Material: 100% gek\u00e4mmte und vorgeschrumpfte Baumwolle (Graumeliert [95] 85% Baumwolle und 15% Viskose)<\/p>\n","protected":false},"featured_media":489648,"template":"","meta":[],"product_brand":[],"product_cat":[4201],"product_tag":[],"class_list":{"0":"post-489630","1":"product","2":"type-product","3":"status-publish","4":"has-post-thumbnail","6":"product_cat-t-shirts","7":"pa_brand-clique","8":"pa_brand-type-sportswear","9":"pa_filter-color-blau","10":"pa_filter-color-grau","11":"pa_filter-color-rot","12":"pa_filter-color-schwarz","13":"pa_filter-color-weiss","15":"first","16":"instock","17":"sale","18":"taxable","19":"shipping-taxable","20":"purchasable","21":"product-type-variable","22":"add-to-wishlist-before_image"},"exclude_global_add_ons":[],"addons":[],"acf":[],"_links":{"self":[{"href":"https:\/\/shop.kustom.ch\/fr\/wp-json\/wp\/v2\/product\/489630"}],"collection":[{"href":"https:\/\/shop.kustom.ch\/fr\/wp-json\/wp\/v2\/product"}],"about":[{"href":"https:\/\/shop.kustom.ch\/fr\/wp-json\/wp\/v2\/types\/product"}],"wp:featuredmedia":[{"embeddable":true,"href":"https:\/\/shop.kustom.ch\/fr\/wp-json\/wp\/v2\/media\/489648"}],"wp:attachment":[{"href":"https:\/\/shop.kustom.ch\/fr\/wp-json\/wp\/v2\/media?parent=489630"}],"wp:term":[{"taxonomy":"product_brand","embeddable":true,"href":"https:\/\/shop.kustom.ch\/fr\/wp-json\/wp\/v2\/product_brand?post=489630"},{"taxonomy":"product_cat","embeddable":true,"href":"https:\/\/shop.kustom.ch\/fr\/wp-json\/wp\/v2\/product_cat?post=489630"},{"taxonomy":"product_tag","embeddable":true,"href":"https:\/\/shop.kustom.ch\/fr\/wp-json\/wp\/v2\/product_tag?post=489630"}],"curies":[{"name":"wp","href":"https:\/\/api.w.org\/{rel}","templated":true}]}}