{"id":489286,"date":"2025-01-24T00:39:21","date_gmt":"2025-01-23T23:39:21","guid":{"rendered":"https:\/\/shop.kustom.ch\/?post_type=product&#038;p=489286"},"modified":"2026-03-31T13:17:09","modified_gmt":"2026-03-31T12:17:09","slug":"classic-softshell-jacket","status":"publish","type":"product","link":"https:\/\/shop.kustom.ch\/fr\/produit\/classic-softshell-jacket\/","title":{"rendered":"Veste softshell classique"},"content":{"rendered":"<p>Veste softshell 3 couches en polyester recycl\u00e9. Fermeture \u00e9clair r\u00e9versible ton sur ton sur le devant au milieu et trois poches ext\u00e9rieures. Deux poches int\u00e9rieures. Bande \u00e9lastique \u00e0 la taille et aux manches. WP 3000 \/ MVP 1000.<\/p>\n<p>Mati\u00e8re : 96% polyester recycl\u00e9, 4% \u00e9lasthanne<\/p>","protected":false},"excerpt":{"rendered":"<p>3-Lagen-Softshell-Jacke mit Recycling-Polyester. Ton-in-Ton-Wendereissverschluss vorne in der Mitte und drei Aussentaschen. Zwei Innentaschen. Elastisches Band am Bund und an den \u00c4rmeln. WP 3000 \/ MVP 1000. Material: 96% Recycling-Polyester, 4% Elasthan<\/p>","protected":false},"featured_media":489314,"template":"","meta":[],"product_brand":[],"product_cat":[4186],"product_tag":[],"class_list":{"0":"post-489286","1":"product","2":"type-product","3":"status-publish","4":"has-post-thumbnail","6":"product_cat-jacken","7":"pa_brand-clique","8":"pa_brand-type-sportswear","9":"pa_filter-color-blau","10":"pa_filter-color-gelb","11":"pa_filter-color-grau","12":"pa_filter-color-gruen","13":"pa_filter-color-orange","14":"pa_filter-color-rot","15":"pa_filter-color-schwarz","16":"pa_filter-color-weiss","18":"first","19":"instock","20":"sale","21":"taxable","22":"shipping-taxable","23":"purchasable","24":"product-type-variable","25":"add-to-wishlist-before_image"},"exclude_global_add_ons":[],"addons":[],"acf":[],"_links":{"self":[{"href":"https:\/\/shop.kustom.ch\/fr\/wp-json\/wp\/v2\/product\/489286"}],"collection":[{"href":"https:\/\/shop.kustom.ch\/fr\/wp-json\/wp\/v2\/product"}],"about":[{"href":"https:\/\/shop.kustom.ch\/fr\/wp-json\/wp\/v2\/types\/product"}],"wp:featuredmedia":[{"embeddable":true,"href":"https:\/\/shop.kustom.ch\/fr\/wp-json\/wp\/v2\/media\/489314"}],"wp:attachment":[{"href":"https:\/\/shop.kustom.ch\/fr\/wp-json\/wp\/v2\/media?parent=489286"}],"wp:term":[{"taxonomy":"product_brand","embeddable":true,"href":"https:\/\/shop.kustom.ch\/fr\/wp-json\/wp\/v2\/product_brand?post=489286"},{"taxonomy":"product_cat","embeddable":true,"href":"https:\/\/shop.kustom.ch\/fr\/wp-json\/wp\/v2\/product_cat?post=489286"},{"taxonomy":"product_tag","embeddable":true,"href":"https:\/\/shop.kustom.ch\/fr\/wp-json\/wp\/v2\/product_tag?post=489286"}],"curies":[{"name":"wp","href":"https:\/\/api.w.org\/{rel}","templated":true}]}}