{"id":489219,"date":"2025-01-24T00:39:04","date_gmt":"2025-01-23T23:39:04","guid":{"rendered":"https:\/\/shop.kustom.ch\/?post_type=product&#038;p=489219"},"modified":"2026-03-31T13:14:52","modified_gmt":"2026-03-31T12:14:52","slug":"classic-softshell-hoody-women","status":"publish","type":"product","link":"https:\/\/shop.kustom.ch\/fr\/produit\/classic-softshell-hoody-women\/","title":{"rendered":"Classic Softshell Hoody Femme"},"content":{"rendered":"<p>Veste \u00e0 capuche softshell 3 couches en polyester recycl\u00e9. Fermeture \u00e9clair r\u00e9versible ton sur ton sur le devant au milieu et trois poches ext\u00e9rieures. Deux poches int\u00e9rieures. Capuche amovible. Bande \u00e9lastique \u00e0 la taille et fermetures velcro r\u00e9glables aux manches. WP 3000 \/ MVP 1000.<\/p>\n<p>Mati\u00e8re : 96% polyester recycl\u00e9, 4% \u00e9lasthanne<\/p>","protected":false},"excerpt":{"rendered":"<p>3-Lagen-Softshell-Kapuzenjacke mit Recycling-Polyester. Ton-in-Ton-Wendereissverschluss vorne in der Mitte und drei Aussentaschen. Zwei Innentaschen. Abnehmbare Kapuze. Elastisches Band am Bund und verstellbare Klettverschl\u00fcsse an den \u00c4rmeln. WP 3000 \/ MVP 1000. Material: 96% Recycling-Polyester, 4% Elasthan<\/p>","protected":false},"featured_media":489276,"template":"","meta":[],"product_brand":[],"product_cat":[4186],"product_tag":[],"class_list":{"0":"post-489219","1":"product","2":"type-product","3":"status-publish","4":"has-post-thumbnail","6":"product_cat-jacken","7":"pa_brand-clique","8":"pa_brand-type-sportswear","9":"pa_filter-color-blau","10":"pa_filter-color-grau","11":"pa_filter-color-rot","12":"pa_filter-color-schwarz","14":"first","15":"instock","16":"sale","17":"taxable","18":"shipping-taxable","19":"purchasable","20":"product-type-variable","21":"add-to-wishlist-before_image"},"exclude_global_add_ons":[],"addons":[],"acf":[],"_links":{"self":[{"href":"https:\/\/shop.kustom.ch\/fr\/wp-json\/wp\/v2\/product\/489219"}],"collection":[{"href":"https:\/\/shop.kustom.ch\/fr\/wp-json\/wp\/v2\/product"}],"about":[{"href":"https:\/\/shop.kustom.ch\/fr\/wp-json\/wp\/v2\/types\/product"}],"wp:featuredmedia":[{"embeddable":true,"href":"https:\/\/shop.kustom.ch\/fr\/wp-json\/wp\/v2\/media\/489276"}],"wp:attachment":[{"href":"https:\/\/shop.kustom.ch\/fr\/wp-json\/wp\/v2\/media?parent=489219"}],"wp:term":[{"taxonomy":"product_brand","embeddable":true,"href":"https:\/\/shop.kustom.ch\/fr\/wp-json\/wp\/v2\/product_brand?post=489219"},{"taxonomy":"product_cat","embeddable":true,"href":"https:\/\/shop.kustom.ch\/fr\/wp-json\/wp\/v2\/product_cat?post=489219"},{"taxonomy":"product_tag","embeddable":true,"href":"https:\/\/shop.kustom.ch\/fr\/wp-json\/wp\/v2\/product_tag?post=489219"}],"curies":[{"name":"wp","href":"https:\/\/api.w.org\/{rel}","templated":true}]}}