{"id":489151,"date":"2025-01-24T00:38:47","date_gmt":"2025-01-23T23:38:47","guid":{"rendered":"https:\/\/shop.kustom.ch\/?post_type=product&#038;p=489151"},"modified":"2026-03-31T13:17:30","modified_gmt":"2026-03-31T12:17:30","slug":"classic-shell-jacket","status":"publish","type":"product","link":"https:\/\/shop.kustom.ch\/fr\/produit\/classic-shell-jacket\/","title":{"rendered":"Veste Classic Shell"},"content":{"rendered":"<p>Veste shell hautement fonctionnelle, au design \u00e9labor\u00e9, en polyester recycl\u00e9 100%. Toutes les fermetures \u00e9clair ext\u00e9rieures sont imperm\u00e9ables. Deux poches ext\u00e9rieures avec fermeture \u00e9clair et deux poches int\u00e9rieures. Capuche enroulable avec cordon de serrage, poignets r\u00e9glables par velcro et cordon de serrage \u00e0 la taille. Coutures soud\u00e9es. WP 3000 \/ MVP 800.<\/p>\n<p>Mati\u00e8re : 100% polyester recycl\u00e9, recouvert de tricot<\/p>","protected":false},"excerpt":{"rendered":"<p>Hochfunktionelle, aufwendig gestaltete Shelljacke aus 100% Recycling-Polyester. Alle Aussenreissverschl\u00fcsse sind wasserfest. Zwei Aussentaschen mit Reissverschluss und zwei Innentaschen. Einrollbare Kapuze mit Kordelzug, verstellbare Klettverschluss-B\u00fcndchen und Kordelzug am Bund. Verschweisste N\u00e4hte. WP 3000 \/ MVP 800. Material: 100% Recycling-Polyester, \u00fcberzogen mit Tricot-Material<\/p>","protected":false},"featured_media":489196,"template":"","meta":[],"product_brand":[],"product_cat":[4186],"product_tag":[],"class_list":{"0":"post-489151","1":"product","2":"type-product","3":"status-publish","4":"has-post-thumbnail","6":"product_cat-jacken","7":"pa_brand-clique","8":"pa_brand-type-sportswear","9":"pa_filter-color-blau","10":"pa_filter-color-schwarz","12":"first","13":"instock","14":"sale","15":"taxable","16":"shipping-taxable","17":"purchasable","18":"product-type-variable","19":"add-to-wishlist-before_image"},"exclude_global_add_ons":[],"addons":[],"acf":[],"_links":{"self":[{"href":"https:\/\/shop.kustom.ch\/fr\/wp-json\/wp\/v2\/product\/489151"}],"collection":[{"href":"https:\/\/shop.kustom.ch\/fr\/wp-json\/wp\/v2\/product"}],"about":[{"href":"https:\/\/shop.kustom.ch\/fr\/wp-json\/wp\/v2\/types\/product"}],"wp:featuredmedia":[{"embeddable":true,"href":"https:\/\/shop.kustom.ch\/fr\/wp-json\/wp\/v2\/media\/489196"}],"wp:attachment":[{"href":"https:\/\/shop.kustom.ch\/fr\/wp-json\/wp\/v2\/media?parent=489151"}],"wp:term":[{"taxonomy":"product_brand","embeddable":true,"href":"https:\/\/shop.kustom.ch\/fr\/wp-json\/wp\/v2\/product_brand?post=489151"},{"taxonomy":"product_cat","embeddable":true,"href":"https:\/\/shop.kustom.ch\/fr\/wp-json\/wp\/v2\/product_cat?post=489151"},{"taxonomy":"product_tag","embeddable":true,"href":"https:\/\/shop.kustom.ch\/fr\/wp-json\/wp\/v2\/product_tag?post=489151"}],"curies":[{"name":"wp","href":"https:\/\/api.w.org\/{rel}","templated":true}]}}