{"id":489011,"date":"2025-01-24T00:38:13","date_gmt":"2025-01-23T23:38:13","guid":{"rendered":"https:\/\/shop.kustom.ch\/?post_type=product&#038;p=489011"},"modified":"2026-03-31T13:17:19","modified_gmt":"2026-03-31T12:17:19","slug":"classic-oc-t-women","status":"publish","type":"product","link":"https:\/\/shop.kustom.ch\/fr\/produit\/classic-oc-t-women\/","title":{"rendered":"Classic OC-T Femmes"},"content":{"rendered":"<p>Version moderne d'un t-shirt classique en coton bio 100%. Il a un col c\u00f4tel\u00e9 1\u00d71 double. Bandeau de cou renforc\u00e9 et coutures d'\u00e9paules renforc\u00e9es. L'\u00e9tiquette sur le col peut \u00eatre facilement retir\u00e9e. Le v\u00eatement a \u00e9t\u00e9 pr\u00e9-r\u00e9tr\u00e9ci et trait\u00e9 aux enzymes. Le mod\u00e8le homme est tricot\u00e9 en rond, la coupe femme est avec des coutures lat\u00e9rales.<\/p>\n<p>Mati\u00e8re : 100% coton organique<\/p>","protected":false},"excerpt":{"rendered":"<p>Moderne Version eines klassischen T-Shirts aus 100% Bio-Baumwolle. Es hat einen doppelt gelegten 1&#215;1 gerippten Kragen. Verst\u00e4rktes Nackenband und verst\u00e4rkte Schultern\u00e4hte. Die Etikette am Kragen kann einfach entfernt werden. Das Kleidungsst\u00fcck wurde vorgeschrumpft und enzymbehandelt. Das Herrenmodell ist rundgestrickt, Damenschnitt ist mit Seitenn\u00e4hten. Material: 100% Organic Baumwolle<\/p>","protected":false},"featured_media":489013,"template":"","meta":[],"product_brand":[],"product_cat":[4201],"product_tag":[],"class_list":{"0":"post-489011","1":"product","2":"type-product","3":"status-publish","4":"has-post-thumbnail","6":"product_cat-t-shirts","7":"pa_brand-clique","8":"pa_brand-type-sportswear","9":"pa_filter-color-beige","10":"pa_filter-color-blau","11":"pa_filter-color-gelb","12":"pa_filter-color-grau","13":"pa_filter-color-gruen","14":"pa_filter-color-orange","15":"pa_filter-color-rot","16":"pa_filter-color-schwarz","17":"pa_filter-color-weiss","19":"first","20":"instock","21":"sale","22":"taxable","23":"shipping-taxable","24":"purchasable","25":"product-type-variable","26":"add-to-wishlist-before_image"},"exclude_global_add_ons":[],"addons":[],"acf":[],"_links":{"self":[{"href":"https:\/\/shop.kustom.ch\/fr\/wp-json\/wp\/v2\/product\/489011"}],"collection":[{"href":"https:\/\/shop.kustom.ch\/fr\/wp-json\/wp\/v2\/product"}],"about":[{"href":"https:\/\/shop.kustom.ch\/fr\/wp-json\/wp\/v2\/types\/product"}],"wp:featuredmedia":[{"embeddable":true,"href":"https:\/\/shop.kustom.ch\/fr\/wp-json\/wp\/v2\/media\/489013"}],"wp:attachment":[{"href":"https:\/\/shop.kustom.ch\/fr\/wp-json\/wp\/v2\/media?parent=489011"}],"wp:term":[{"taxonomy":"product_brand","embeddable":true,"href":"https:\/\/shop.kustom.ch\/fr\/wp-json\/wp\/v2\/product_brand?post=489011"},{"taxonomy":"product_cat","embeddable":true,"href":"https:\/\/shop.kustom.ch\/fr\/wp-json\/wp\/v2\/product_cat?post=489011"},{"taxonomy":"product_tag","embeddable":true,"href":"https:\/\/shop.kustom.ch\/fr\/wp-json\/wp\/v2\/product_tag?post=489011"}],"curies":[{"name":"wp","href":"https:\/\/api.w.org\/{rel}","templated":true}]}}