{"id":488736,"date":"2025-01-24T00:37:09","date_gmt":"2025-01-23T23:37:09","guid":{"rendered":"https:\/\/shop.kustom.ch\/?post_type=product&#038;p=488736"},"modified":"2026-03-31T13:17:51","modified_gmt":"2026-03-31T12:17:51","slug":"classic-oc-polo","status":"publish","type":"product","link":"https:\/\/shop.kustom.ch\/fr\/produit\/classic-oc-polo\/","title":{"rendered":"Polo Classic OC"},"content":{"rendered":"<p>Polo classique pour tous les jours avec une excellente coupe en coton bio 100%. Trois boutons ton sur ton, fentes lat\u00e9rales et bande de cou renforc\u00e9e. Col int\u00e9rieur c\u00f4tel\u00e9 et extr\u00e9mit\u00e9s des manches c\u00f4tel\u00e9es. L'\u00e9tiquette du col peut \u00eatre facilement retir\u00e9e. Le v\u00eatement a \u00e9t\u00e9 pr\u00e9-r\u00e9tr\u00e9ci et trait\u00e9 aux enzymes.<\/p>\n<p>Mati\u00e8re : 100% coton organique<\/p>","protected":false},"excerpt":{"rendered":"<p>Klassisches Polo Shirt f\u00fcr den Alltag mit hervorragender Passform aus 100% Bio-Baumwolle. Drei Ton-in-Ton-Kn\u00f6pfe, Seitenschlitze und verst\u00e4rktes Nackenband. Gerippter Innenkragen und gerippte \u00c4rmelabschl\u00fcsse. Die Etikette am Kragen kann einfach entfernt werden. Das Kleidungsst\u00fcck wurde vorgeschrumpft und enzymbehandelt. Material: 100% Organic Baumwolle<\/p>","protected":false},"featured_media":488777,"template":"","meta":[],"product_brand":[],"product_cat":[4193],"product_tag":[],"class_list":{"0":"post-488736","1":"product","2":"type-product","3":"status-publish","4":"has-post-thumbnail","6":"product_cat-polos","7":"pa_brand-clique","8":"pa_brand-type-sportswear","9":"pa_filter-color-beige","10":"pa_filter-color-blau","11":"pa_filter-color-grau","12":"pa_filter-color-rot","13":"pa_filter-color-schwarz","14":"pa_filter-color-weiss","16":"first","17":"instock","18":"sale","19":"taxable","20":"shipping-taxable","21":"purchasable","22":"product-type-variable","23":"add-to-wishlist-before_image"},"exclude_global_add_ons":[],"addons":[],"acf":[],"_links":{"self":[{"href":"https:\/\/shop.kustom.ch\/fr\/wp-json\/wp\/v2\/product\/488736"}],"collection":[{"href":"https:\/\/shop.kustom.ch\/fr\/wp-json\/wp\/v2\/product"}],"about":[{"href":"https:\/\/shop.kustom.ch\/fr\/wp-json\/wp\/v2\/types\/product"}],"wp:featuredmedia":[{"embeddable":true,"href":"https:\/\/shop.kustom.ch\/fr\/wp-json\/wp\/v2\/media\/488777"}],"wp:attachment":[{"href":"https:\/\/shop.kustom.ch\/fr\/wp-json\/wp\/v2\/media?parent=488736"}],"wp:term":[{"taxonomy":"product_brand","embeddable":true,"href":"https:\/\/shop.kustom.ch\/fr\/wp-json\/wp\/v2\/product_brand?post=488736"},{"taxonomy":"product_cat","embeddable":true,"href":"https:\/\/shop.kustom.ch\/fr\/wp-json\/wp\/v2\/product_cat?post=488736"},{"taxonomy":"product_tag","embeddable":true,"href":"https:\/\/shop.kustom.ch\/fr\/wp-json\/wp\/v2\/product_tag?post=488736"}],"curies":[{"name":"wp","href":"https:\/\/api.w.org\/{rel}","templated":true}]}}