{"id":488458,"date":"2025-01-24T00:36:11","date_gmt":"2025-01-23T23:36:11","guid":{"rendered":"https:\/\/shop.kustom.ch\/?post_type=product&#038;p=488458"},"modified":"2026-03-31T13:18:51","modified_gmt":"2026-03-31T12:18:51","slug":"classic-marion-l-s","status":"publish","type":"product","link":"https:\/\/shop.kustom.ch\/fr\/produit\/classic-marion-l-s\/","title":{"rendered":"Classic Marion L\/S"},"content":{"rendered":"<p>Unser Klassisches Langarm Polo Shirt mit neuem, modernen Schnitt. Knopfleiste mit 3 Ton-in-Ton Kn\u00f6pfen. Rippenb\u00fcndchen am Kragen und \u00c4rmelabschluss.<\/p>\n<p>Material: 100% Baumwolle (Graumeliert [95] 85% Baumwolle, 15% Viskose, Anthrazitmeliert  [955]: 60% Baumwolle, 40% Polyester)<\/p>\n","protected":false},"excerpt":{"rendered":"<p>Unser Klassisches Langarm Polo Shirt mit neuem, modernen Schnitt. Knopfleiste mit 3 Ton-in-Ton Kn\u00f6pfen. Rippenb\u00fcndchen am Kragen und \u00c4rmelabschluss. Material: 100% Baumwolle (Graumeliert [95] 85% Baumwolle, 15% Viskose, Anthrazitmeliert [955]: 60% Baumwolle, 40% Polyester)<\/p>\n","protected":false},"featured_media":488523,"template":"","meta":[],"product_brand":[],"product_cat":[4193],"product_tag":[],"class_list":{"0":"post-488458","1":"product","2":"type-product","3":"status-publish","4":"has-post-thumbnail","6":"product_cat-polos","7":"pa_brand-clique","8":"pa_brand-type-sportswear","9":"pa_filter-color-blau","10":"pa_filter-color-grau","11":"pa_filter-color-gruen","12":"pa_filter-color-rot","13":"pa_filter-color-schwarz","14":"pa_filter-color-weiss","16":"first","17":"instock","18":"sale","19":"taxable","20":"shipping-taxable","21":"purchasable","22":"product-type-variable","23":"add-to-wishlist-before_image"},"exclude_global_add_ons":[],"addons":[],"acf":[],"_links":{"self":[{"href":"https:\/\/shop.kustom.ch\/fr\/wp-json\/wp\/v2\/product\/488458"}],"collection":[{"href":"https:\/\/shop.kustom.ch\/fr\/wp-json\/wp\/v2\/product"}],"about":[{"href":"https:\/\/shop.kustom.ch\/fr\/wp-json\/wp\/v2\/types\/product"}],"wp:featuredmedia":[{"embeddable":true,"href":"https:\/\/shop.kustom.ch\/fr\/wp-json\/wp\/v2\/media\/488523"}],"wp:attachment":[{"href":"https:\/\/shop.kustom.ch\/fr\/wp-json\/wp\/v2\/media?parent=488458"}],"wp:term":[{"taxonomy":"product_brand","embeddable":true,"href":"https:\/\/shop.kustom.ch\/fr\/wp-json\/wp\/v2\/product_brand?post=488458"},{"taxonomy":"product_cat","embeddable":true,"href":"https:\/\/shop.kustom.ch\/fr\/wp-json\/wp\/v2\/product_cat?post=488458"},{"taxonomy":"product_tag","embeddable":true,"href":"https:\/\/shop.kustom.ch\/fr\/wp-json\/wp\/v2\/product_tag?post=488458"}],"curies":[{"name":"wp","href":"https:\/\/api.w.org\/{rel}","templated":true}]}}