{"id":488254,"date":"2025-01-24T00:35:31","date_gmt":"2025-01-23T23:35:31","guid":{"rendered":"https:\/\/shop.kustom.ch\/?post_type=product&#038;p=488254"},"modified":"2026-03-31T13:18:24","modified_gmt":"2026-03-31T12:18:24","slug":"classic-lincoln-s-s","status":"publish","type":"product","link":"https:\/\/shop.kustom.ch\/fr\/produit\/classic-lincoln-s-s\/","title":{"rendered":"Classic Lincoln S\/S"},"content":{"rendered":"<p>Unser Klassisches Polo Shirt mit neuem, modernen Schnitt. Knopfleiste mit 3 Ton-in-Ton Kn\u00f6pfen. Rippenb\u00fcndchen am Kragen und \u00c4rmelabschluss.<\/p>\n<p>Material: 100% Baumwolle (Ash [92] 99% Baumwolle, 1% Viskose. Graumeliert [95] 85% Baumwolle, 15% Viskose. Anthrazitmeliert  [955]: 60% Baumwolle, 40% Polyester)<\/p>\n","protected":false},"excerpt":{"rendered":"<p>Unser Klassisches Polo Shirt mit neuem, modernen Schnitt. Knopfleiste mit 3 Ton-in-Ton Kn\u00f6pfen. Rippenb\u00fcndchen am Kragen und \u00c4rmelabschluss. Material: 100% Baumwolle (Ash [92] 99% Baumwolle, 1% Viskose. Graumeliert [95] 85% Baumwolle, 15% Viskose. Anthrazitmeliert [955]: 60% Baumwolle, 40% Polyester)<\/p>\n","protected":false},"featured_media":488310,"template":"","meta":[],"product_brand":[],"product_cat":[4193],"product_tag":[],"class_list":{"0":"post-488254","1":"product","2":"type-product","3":"status-publish","4":"has-post-thumbnail","6":"product_cat-polos","7":"pa_brand-clique","8":"pa_brand-type-sportswear","9":"pa_filter-color-beige","10":"pa_filter-color-blau","11":"pa_filter-color-braun","12":"pa_filter-color-gelb","13":"pa_filter-color-grau","14":"pa_filter-color-gruen","15":"pa_filter-color-orange","16":"pa_filter-color-pink","17":"pa_filter-color-rot","18":"pa_filter-color-schwarz","19":"pa_filter-color-violet","20":"pa_filter-color-weiss","22":"first","23":"instock","24":"sale","25":"taxable","26":"shipping-taxable","27":"purchasable","28":"product-type-variable","29":"add-to-wishlist-before_image"},"exclude_global_add_ons":[],"addons":[],"acf":[],"_links":{"self":[{"href":"https:\/\/shop.kustom.ch\/fr\/wp-json\/wp\/v2\/product\/488254"}],"collection":[{"href":"https:\/\/shop.kustom.ch\/fr\/wp-json\/wp\/v2\/product"}],"about":[{"href":"https:\/\/shop.kustom.ch\/fr\/wp-json\/wp\/v2\/types\/product"}],"wp:featuredmedia":[{"embeddable":true,"href":"https:\/\/shop.kustom.ch\/fr\/wp-json\/wp\/v2\/media\/488310"}],"wp:attachment":[{"href":"https:\/\/shop.kustom.ch\/fr\/wp-json\/wp\/v2\/media?parent=488254"}],"wp:term":[{"taxonomy":"product_brand","embeddable":true,"href":"https:\/\/shop.kustom.ch\/fr\/wp-json\/wp\/v2\/product_brand?post=488254"},{"taxonomy":"product_cat","embeddable":true,"href":"https:\/\/shop.kustom.ch\/fr\/wp-json\/wp\/v2\/product_cat?post=488254"},{"taxonomy":"product_tag","embeddable":true,"href":"https:\/\/shop.kustom.ch\/fr\/wp-json\/wp\/v2\/product_tag?post=488254"}],"curies":[{"name":"wp","href":"https:\/\/api.w.org\/{rel}","templated":true}]}}