{"id":488049,"date":"2025-01-24T00:34:52","date_gmt":"2025-01-23T23:34:52","guid":{"rendered":"https:\/\/shop.kustom.ch\/?post_type=product&#038;p=488049"},"modified":"2026-03-31T13:14:25","modified_gmt":"2026-03-31T12:14:25","slug":"classic-hoody-full-zip-women","status":"publish","type":"product","link":"https:\/\/shop.kustom.ch\/fr\/produit\/classic-hoody-full-zip-women\/","title":{"rendered":"Classic Hoody Full Zip Femme"},"content":{"rendered":"<p>Hochwertige Sweatjacke mit Kapuze. Zwei Aussentaschen mit Reissverschluss und zwei Innentaschen, Kopfh\u00f6rerf\u00fchrung Innen. Kapuze mit kontrastfarbenen Innenfutter und elastischem Kordelzug. Elastische Rippenb\u00fcndchen an den \u00c4rmeln und am Bund. Flatlockn\u00e4hte Ton-in-Ton.<\/p>\n<p>Material: 80% Baumwolle, 20% Polyester (Blaumeliert [565], Gr\u00fcnmeliert [676], Anthrazitmeliert [955]: 60% Baumwolle, 40% Polyester. Graumeliert [95]: 85% Baumwolle, 15% Viskose)<\/p>\n","protected":false},"excerpt":{"rendered":"<p>Hochwertige Sweatjacke mit Kapuze. Zwei Aussentaschen mit Reissverschluss und zwei Innentaschen, Kopfh\u00f6rerf\u00fchrung Innen. Kapuze mit kontrastfarbenen Innenfutter und elastischem Kordelzug. Elastische Rippenb\u00fcndchen an den \u00c4rmeln und am Bund. Flatlockn\u00e4hte Ton-in-Ton. Material: 80% Baumwolle, 20% Polyester (Blaumeliert [565], Gr\u00fcnmeliert [676], Anthrazitmeliert [955]: 60% Baumwolle, 40% Polyester. Graumeliert [95]: 85% Baumwolle, 15% Viskose)<\/p>\n","protected":false},"featured_media":488105,"template":"","meta":[],"product_brand":[],"product_cat":[4184],"product_tag":[],"class_list":{"0":"post-488049","1":"product","2":"type-product","3":"status-publish","4":"has-post-thumbnail","6":"product_cat-hoodies-pullover","7":"pa_brand-clique","8":"pa_brand-type-sportswear","9":"pa_filter-color-blau","10":"pa_filter-color-grau","11":"pa_filter-color-rot","12":"pa_filter-color-schwarz","14":"first","15":"instock","16":"sale","17":"taxable","18":"shipping-taxable","19":"purchasable","20":"product-type-variable","21":"add-to-wishlist-before_image"},"exclude_global_add_ons":[],"addons":[],"acf":[],"_links":{"self":[{"href":"https:\/\/shop.kustom.ch\/fr\/wp-json\/wp\/v2\/product\/488049"}],"collection":[{"href":"https:\/\/shop.kustom.ch\/fr\/wp-json\/wp\/v2\/product"}],"about":[{"href":"https:\/\/shop.kustom.ch\/fr\/wp-json\/wp\/v2\/types\/product"}],"wp:featuredmedia":[{"embeddable":true,"href":"https:\/\/shop.kustom.ch\/fr\/wp-json\/wp\/v2\/media\/488105"}],"wp:attachment":[{"href":"https:\/\/shop.kustom.ch\/fr\/wp-json\/wp\/v2\/media?parent=488049"}],"wp:term":[{"taxonomy":"product_brand","embeddable":true,"href":"https:\/\/shop.kustom.ch\/fr\/wp-json\/wp\/v2\/product_brand?post=488049"},{"taxonomy":"product_cat","embeddable":true,"href":"https:\/\/shop.kustom.ch\/fr\/wp-json\/wp\/v2\/product_cat?post=488049"},{"taxonomy":"product_tag","embeddable":true,"href":"https:\/\/shop.kustom.ch\/fr\/wp-json\/wp\/v2\/product_tag?post=488049"}],"curies":[{"name":"wp","href":"https:\/\/api.w.org\/{rel}","templated":true}]}}