{"id":487845,"date":"2025-01-24T00:34:07","date_gmt":"2025-01-23T23:34:07","guid":{"rendered":"https:\/\/shop.kustom.ch\/?post_type=product&#038;p=487845"},"modified":"2026-03-31T13:20:46","modified_gmt":"2026-03-31T12:20:46","slug":"classic-ft-jacket","status":"publish","type":"product","link":"https:\/\/shop.kustom.ch\/fr\/produit\/classic-ft-jacket\/","title":{"rendered":"Veste FT classique"},"content":{"rendered":"<p>Veste sweat en French Terry avec col montant et bande de cou bicolore. Deux poches lat\u00e9rales avec fermeture \u00e9clair et passage pour \u00e9couteurs \u00e0 l'int\u00e9rieur. Bords c\u00f4te \u00e9lastiques aux manches et \u00e0 la taille. Coutures flatlock ton sur ton.<\/p>\n<p>Mati\u00e8re : 80% coton, 20% polyester<\/p>","protected":false},"excerpt":{"rendered":"<p>French Terry Sweatjacke mit Stehkragen und 2-farbiges Nackenband. Zwei Seitentaschen mit Reissverschluss und Kopfh\u00f6rerf\u00fchrung Innen. Elastische Rippb\u00fcndchen an \u00c4rmel und am Bund. Flatlock N\u00e4hte Ton-in-Ton . Material: 80% Baumwolle, 20% Polyester<\/p>","protected":false},"featured_media":487864,"template":"","meta":[],"product_brand":[],"product_cat":[4191],"product_tag":[],"class_list":{"0":"post-487845","1":"product","2":"type-product","3":"status-publish","4":"has-post-thumbnail","6":"product_cat-longsleeves-sweatshirts","7":"pa_brand-clique","8":"pa_brand-type-sportswear","9":"pa_filter-color-blau","10":"pa_filter-color-grau","11":"pa_filter-color-schwarz","12":"pa_filter-color-weiss","14":"first","15":"instock","16":"sale","17":"taxable","18":"shipping-taxable","19":"purchasable","20":"product-type-variable","21":"add-to-wishlist-before_image"},"exclude_global_add_ons":[],"addons":[],"acf":[],"_links":{"self":[{"href":"https:\/\/shop.kustom.ch\/fr\/wp-json\/wp\/v2\/product\/487845"}],"collection":[{"href":"https:\/\/shop.kustom.ch\/fr\/wp-json\/wp\/v2\/product"}],"about":[{"href":"https:\/\/shop.kustom.ch\/fr\/wp-json\/wp\/v2\/types\/product"}],"wp:featuredmedia":[{"embeddable":true,"href":"https:\/\/shop.kustom.ch\/fr\/wp-json\/wp\/v2\/media\/487864"}],"wp:attachment":[{"href":"https:\/\/shop.kustom.ch\/fr\/wp-json\/wp\/v2\/media?parent=487845"}],"wp:term":[{"taxonomy":"product_brand","embeddable":true,"href":"https:\/\/shop.kustom.ch\/fr\/wp-json\/wp\/v2\/product_brand?post=487845"},{"taxonomy":"product_cat","embeddable":true,"href":"https:\/\/shop.kustom.ch\/fr\/wp-json\/wp\/v2\/product_cat?post=487845"},{"taxonomy":"product_tag","embeddable":true,"href":"https:\/\/shop.kustom.ch\/fr\/wp-json\/wp\/v2\/product_tag?post=487845"}],"curies":[{"name":"wp","href":"https:\/\/api.w.org\/{rel}","templated":true}]}}