{"id":487639,"date":"2025-01-24T00:33:07","date_gmt":"2025-01-23T23:33:07","guid":{"rendered":"https:\/\/shop.kustom.ch\/?post_type=product&#038;p=487639"},"modified":"2026-03-31T13:21:13","modified_gmt":"2026-03-31T12:21:13","slug":"clare","status":"publish","type":"product","link":"https:\/\/shop.kustom.ch\/fr\/produit\/clare\/","title":{"rendered":"Clare"},"content":{"rendered":"<p>Chemise l\u00e9g\u00e8re \u00e0 manches longues. Boutons ton sur ton et coutures plates coll\u00e9es \u00e0 l'int\u00e9rieur. Traitement Easy Care.<\/p>\n<p>Mati\u00e8re : 100% coton<\/p>","protected":false},"excerpt":{"rendered":"<p>Leichtes Langarm Hemd. Ton-in-Ton Kn\u00f6pfe und geklebte flache N\u00e4hte innen. Easy Care Behandlung. Material: 100% Baumwolle<\/p>","protected":false},"featured_media":487698,"template":"","meta":[],"product_brand":[],"product_cat":[9874],"product_tag":[],"class_list":{"0":"post-487639","1":"product","2":"type-product","3":"status-publish","4":"has-post-thumbnail","6":"product_cat-hemden","7":"pa_brand-clique","8":"pa_brand-type-sportswear","9":"pa_filter-color-blau","10":"pa_filter-color-schwarz","11":"pa_filter-color-weiss","13":"first","14":"instock","15":"sale","16":"taxable","17":"shipping-taxable","18":"purchasable","19":"product-type-variable","20":"add-to-wishlist-before_image"},"exclude_global_add_ons":[],"addons":[],"acf":[],"_links":{"self":[{"href":"https:\/\/shop.kustom.ch\/fr\/wp-json\/wp\/v2\/product\/487639"}],"collection":[{"href":"https:\/\/shop.kustom.ch\/fr\/wp-json\/wp\/v2\/product"}],"about":[{"href":"https:\/\/shop.kustom.ch\/fr\/wp-json\/wp\/v2\/types\/product"}],"wp:featuredmedia":[{"embeddable":true,"href":"https:\/\/shop.kustom.ch\/fr\/wp-json\/wp\/v2\/media\/487698"}],"wp:attachment":[{"href":"https:\/\/shop.kustom.ch\/fr\/wp-json\/wp\/v2\/media?parent=487639"}],"wp:term":[{"taxonomy":"product_brand","embeddable":true,"href":"https:\/\/shop.kustom.ch\/fr\/wp-json\/wp\/v2\/product_brand?post=487639"},{"taxonomy":"product_cat","embeddable":true,"href":"https:\/\/shop.kustom.ch\/fr\/wp-json\/wp\/v2\/product_cat?post=487639"},{"taxonomy":"product_tag","embeddable":true,"href":"https:\/\/shop.kustom.ch\/fr\/wp-json\/wp\/v2\/product_tag?post=487639"}],"curies":[{"name":"wp","href":"https:\/\/api.w.org\/{rel}","templated":true}]}}