{"id":487434,"date":"2025-01-24T00:32:12","date_gmt":"2025-01-23T23:32:12","guid":{"rendered":"https:\/\/shop.kustom.ch\/?post_type=product&#038;p=487434"},"modified":"2026-03-31T13:21:31","modified_gmt":"2026-03-31T12:21:31","slug":"bomber","status":"publish","type":"product","link":"https:\/\/shop.kustom.ch\/fr\/produit\/bomber\/","title":{"rendered":"Bombardier"},"content":{"rendered":"<p>La veste bomber est un classique. Deux poches lat\u00e9rales avec fermeture \u00e0 bouton, poche sur le bras avec fermeture \u00e0 glissi\u00e8re et compartiment suppl\u00e9mentaire pour les stylos. Une poche int\u00e9rieure avec fermeture \u00e9clair. La doublure zipp\u00e9e facilite l'impression ou la broderie.<\/p>\n<p>Mat\u00e9riau : Polyester 100%, Oxford 200D<\/p>","protected":false},"excerpt":{"rendered":"<p>Die Bomber Jacke ist ein Klassiker. Zwei Seitentaschen mit Knopfverschluss, Armtasche mit Reissverschluss und extra Einteilung f\u00fcr Stifte. Eine Innentasche mit Reissverschluss. Reissverschluss im Futter erleichtert das Bedrucken oder Besticken. Material: 100% Polyester, 200D Oxford<\/p>","protected":false},"featured_media":487466,"template":"","meta":[],"product_brand":[],"product_cat":[4186],"product_tag":[],"class_list":{"0":"post-487434","1":"product","2":"type-product","3":"status-publish","4":"has-post-thumbnail","6":"product_cat-jacken","7":"pa_brand-clique","8":"pa_brand-type-sportswear","9":"pa_filter-color-blau","10":"pa_filter-color-gruen","11":"pa_filter-color-schwarz","13":"first","14":"instock","15":"sale","16":"taxable","17":"shipping-taxable","18":"purchasable","19":"product-type-variable","20":"add-to-wishlist-before_image"},"exclude_global_add_ons":[],"addons":[],"acf":[],"_links":{"self":[{"href":"https:\/\/shop.kustom.ch\/fr\/wp-json\/wp\/v2\/product\/487434"}],"collection":[{"href":"https:\/\/shop.kustom.ch\/fr\/wp-json\/wp\/v2\/product"}],"about":[{"href":"https:\/\/shop.kustom.ch\/fr\/wp-json\/wp\/v2\/types\/product"}],"wp:featuredmedia":[{"embeddable":true,"href":"https:\/\/shop.kustom.ch\/fr\/wp-json\/wp\/v2\/media\/487466"}],"wp:attachment":[{"href":"https:\/\/shop.kustom.ch\/fr\/wp-json\/wp\/v2\/media?parent=487434"}],"wp:term":[{"taxonomy":"product_brand","embeddable":true,"href":"https:\/\/shop.kustom.ch\/fr\/wp-json\/wp\/v2\/product_brand?post=487434"},{"taxonomy":"product_cat","embeddable":true,"href":"https:\/\/shop.kustom.ch\/fr\/wp-json\/wp\/v2\/product_cat?post=487434"},{"taxonomy":"product_tag","embeddable":true,"href":"https:\/\/shop.kustom.ch\/fr\/wp-json\/wp\/v2\/product_tag?post=487434"}],"curies":[{"name":"wp","href":"https:\/\/api.w.org\/{rel}","templated":true}]}}