{"id":487433,"date":"2025-01-24T00:32:12","date_gmt":"2025-01-23T23:32:12","guid":{"rendered":"https:\/\/shop.kustom.ch\/?post_type=product&#038;p=487433"},"modified":"2026-03-31T13:19:06","modified_gmt":"2026-03-31T12:19:06","slug":"bend","status":"publish","type":"product","link":"https:\/\/shop.kustom.ch\/fr\/produit\/bend\/","title":{"rendered":"Bend"},"content":{"rendered":"<p>Short de loisirs styl\u00e9 et pratique en mati\u00e8re stretch. Ceinture \u00e9lastique pour un ajustement optimal et confortable. Deux poches lat\u00e9rales avec fermeture \u00e9clair, une poche avec fermeture \u00e9clair sur la jambe et une poche avec fermeture \u00e9clair cach\u00e9e \u00e0 l'arri\u00e8re. Une \u00e9tiquette facilement d\u00e9tachable pour le rebranding.<\/p>\n<p>Mati\u00e8re : 92% polyester, 8% \u00e9lasthanne<\/p>","protected":false},"excerpt":{"rendered":"<p>Stylische, praktische Freizeit-Shorts aus Stretchmaterial. Elastischer H\u00fcftbund f\u00fcr einen optimalen und bequemen Sitz. Zwei Seitentaschen mit Reissverschluss, Tasche mit Reissverschluss am Bein und Tasche mit verdecktem Reissverschluss hinten. Ein leicht abnehmbares Etikett f\u00fcr Rebranding. Material: 92% Polyester, 8% Elasthan<\/p>","protected":false},"featured_media":487442,"template":"","meta":[],"product_brand":[],"product_cat":[4198],"product_tag":[],"class_list":{"0":"post-487433","1":"product","2":"type-product","3":"status-publish","4":"has-post-thumbnail","6":"product_cat-shorts","7":"pa_brand-clique","8":"pa_brand-type-sportswear","9":"pa_filter-color-blau","10":"pa_filter-color-schwarz","12":"first","13":"instock","14":"sale","15":"taxable","16":"shipping-taxable","17":"purchasable","18":"product-type-variable","19":"add-to-wishlist-before_image"},"exclude_global_add_ons":[],"addons":[],"acf":[],"_links":{"self":[{"href":"https:\/\/shop.kustom.ch\/fr\/wp-json\/wp\/v2\/product\/487433"}],"collection":[{"href":"https:\/\/shop.kustom.ch\/fr\/wp-json\/wp\/v2\/product"}],"about":[{"href":"https:\/\/shop.kustom.ch\/fr\/wp-json\/wp\/v2\/types\/product"}],"wp:featuredmedia":[{"embeddable":true,"href":"https:\/\/shop.kustom.ch\/fr\/wp-json\/wp\/v2\/media\/487442"}],"wp:attachment":[{"href":"https:\/\/shop.kustom.ch\/fr\/wp-json\/wp\/v2\/media?parent=487433"}],"wp:term":[{"taxonomy":"product_brand","embeddable":true,"href":"https:\/\/shop.kustom.ch\/fr\/wp-json\/wp\/v2\/product_brand?post=487433"},{"taxonomy":"product_cat","embeddable":true,"href":"https:\/\/shop.kustom.ch\/fr\/wp-json\/wp\/v2\/product_cat?post=487433"},{"taxonomy":"product_tag","embeddable":true,"href":"https:\/\/shop.kustom.ch\/fr\/wp-json\/wp\/v2\/product_tag?post=487433"}],"curies":[{"name":"wp","href":"https:\/\/api.w.org\/{rel}","templated":true}]}}