{"id":486944,"date":"2025-01-24T00:30:20","date_gmt":"2025-01-23T23:30:20","guid":{"rendered":"https:\/\/shop.kustom.ch\/?post_type=product&#038;p=486944"},"modified":"2026-03-31T13:07:57","modified_gmt":"2026-03-31T12:07:57","slug":"basic-t-junior","status":"publish","type":"product","link":"https:\/\/shop.kustom.ch\/fr\/produit\/basic-t-junior\/","title":{"rendered":"Basic-T Junior"},"content":{"rendered":"<p>Junior-T-Shirt aus weicher Qualit\u00e4tsbaumwolle. Seitenn\u00e4hte, Rippenb\u00fcndchen am Kragen mit Elasthan.<\/p>\n<p>Material: 100% Baumwolle (Graumeliert [95]: 85% Baumwolle, 15% Viskose, Ash [92]: 99% Baumwolle, 1% Viskose,  Anthrazitmeliert [955] 60% Baumwolle, 40 % Polyester)<\/p>\n","protected":false},"excerpt":{"rendered":"<p>Junior-T-Shirt aus weicher Qualit\u00e4tsbaumwolle. Seitenn\u00e4hte, Rippenb\u00fcndchen am Kragen mit Elasthan. Material: 100% Baumwolle (Graumeliert [95]: 85% Baumwolle, 15% Viskose, Ash [92]: 99% Baumwolle, 1% Viskose, Anthrazitmeliert [955] 60% Baumwolle, 40 % Polyester)<\/p>\n","protected":false},"featured_media":486995,"template":"","meta":[],"product_brand":[],"product_cat":[4201],"product_tag":[],"class_list":{"0":"post-486944","1":"product","2":"type-product","3":"status-publish","4":"has-post-thumbnail","6":"product_cat-t-shirts","7":"pa_brand-clique","8":"pa_brand-type-sportswear","9":"pa_filter-color-blau","10":"pa_filter-color-braun","11":"pa_filter-color-gelb","12":"pa_filter-color-grau","13":"pa_filter-color-gruen","14":"pa_filter-color-orange","15":"pa_filter-color-pink","16":"pa_filter-color-rot","17":"pa_filter-color-schwarz","18":"pa_filter-color-violet","19":"pa_filter-color-weiss","21":"first","22":"instock","23":"sale","24":"taxable","25":"shipping-taxable","26":"purchasable","27":"product-type-variable","28":"add-to-wishlist-before_image"},"exclude_global_add_ons":[],"addons":[],"acf":[],"_links":{"self":[{"href":"https:\/\/shop.kustom.ch\/fr\/wp-json\/wp\/v2\/product\/486944"}],"collection":[{"href":"https:\/\/shop.kustom.ch\/fr\/wp-json\/wp\/v2\/product"}],"about":[{"href":"https:\/\/shop.kustom.ch\/fr\/wp-json\/wp\/v2\/types\/product"}],"wp:featuredmedia":[{"embeddable":true,"href":"https:\/\/shop.kustom.ch\/fr\/wp-json\/wp\/v2\/media\/486995"}],"wp:attachment":[{"href":"https:\/\/shop.kustom.ch\/fr\/wp-json\/wp\/v2\/media?parent=486944"}],"wp:term":[{"taxonomy":"product_brand","embeddable":true,"href":"https:\/\/shop.kustom.ch\/fr\/wp-json\/wp\/v2\/product_brand?post=486944"},{"taxonomy":"product_cat","embeddable":true,"href":"https:\/\/shop.kustom.ch\/fr\/wp-json\/wp\/v2\/product_cat?post=486944"},{"taxonomy":"product_tag","embeddable":true,"href":"https:\/\/shop.kustom.ch\/fr\/wp-json\/wp\/v2\/product_tag?post=486944"}],"curies":[{"name":"wp","href":"https:\/\/api.w.org\/{rel}","templated":true}]}}