{"id":486672,"date":"2025-01-24T00:29:27","date_gmt":"2025-01-23T23:29:27","guid":{"rendered":"https:\/\/shop.kustom.ch\/?post_type=product&#038;p=486672"},"modified":"2026-03-31T13:07:05","modified_gmt":"2026-03-31T12:07:05","slug":"basic-t","status":"publish","type":"product","link":"https:\/\/shop.kustom.ch\/fr\/produit\/basic-t\/","title":{"rendered":"Basic-T"},"content":{"rendered":"<p>Leichtes T-Shirt schmal geschnitten mit Nackenband, Kragen ist mit Elasthan versetzt, verst\u00e4rkte Schultern\u00e4hte. Herren ist rundgestrickt, Damen mit Seitenn\u00e4hten.<\/p>\n<p>Material: 100% Baumwolle (Graumeliert [95]: 85% Baumwolle, 15% Viskose, Ash [92]: 99% Baumwolle, 1% Viskose,  Anthrazitmeliert [955] 60% Baumwolle, 40 % Polyester)<\/p>\n","protected":false},"excerpt":{"rendered":"<p>Leichtes T-Shirt schmal geschnitten mit Nackenband, Kragen ist mit Elasthan versetzt, verst\u00e4rkte Schultern\u00e4hte. Herren ist rundgestrickt, Damen mit Seitenn\u00e4hten. Material: 100% Baumwolle (Graumeliert [95]: 85% Baumwolle, 15% Viskose, Ash [92]: 99% Baumwolle, 1% Viskose, Anthrazitmeliert [955] 60% Baumwolle, 40 % Polyester)<\/p>\n","protected":false},"featured_media":486695,"template":"","meta":[],"product_brand":[],"product_cat":[4201],"product_tag":[],"class_list":{"0":"post-486672","1":"product","2":"type-product","3":"status-publish","4":"has-post-thumbnail","6":"product_cat-t-shirts","7":"pa_brand-clique","8":"pa_brand-type-sportswear","9":"pa_filter-color-beige","10":"pa_filter-color-blau","11":"pa_filter-color-braun","12":"pa_filter-color-gelb","13":"pa_filter-color-grau","14":"pa_filter-color-gruen","15":"pa_filter-color-orange","16":"pa_filter-color-pink","17":"pa_filter-color-rot","18":"pa_filter-color-schwarz","19":"pa_filter-color-violet","20":"pa_filter-color-weiss","22":"first","23":"instock","24":"sale","25":"taxable","26":"shipping-taxable","27":"purchasable","28":"product-type-variable","29":"add-to-wishlist-before_image"},"exclude_global_add_ons":[],"addons":[],"acf":[],"_links":{"self":[{"href":"https:\/\/shop.kustom.ch\/fr\/wp-json\/wp\/v2\/product\/486672"}],"collection":[{"href":"https:\/\/shop.kustom.ch\/fr\/wp-json\/wp\/v2\/product"}],"about":[{"href":"https:\/\/shop.kustom.ch\/fr\/wp-json\/wp\/v2\/types\/product"}],"wp:featuredmedia":[{"embeddable":true,"href":"https:\/\/shop.kustom.ch\/fr\/wp-json\/wp\/v2\/media\/486695"}],"wp:attachment":[{"href":"https:\/\/shop.kustom.ch\/fr\/wp-json\/wp\/v2\/media?parent=486672"}],"wp:term":[{"taxonomy":"product_brand","embeddable":true,"href":"https:\/\/shop.kustom.ch\/fr\/wp-json\/wp\/v2\/product_brand?post=486672"},{"taxonomy":"product_cat","embeddable":true,"href":"https:\/\/shop.kustom.ch\/fr\/wp-json\/wp\/v2\/product_cat?post=486672"},{"taxonomy":"product_tag","embeddable":true,"href":"https:\/\/shop.kustom.ch\/fr\/wp-json\/wp\/v2\/product_tag?post=486672"}],"curies":[{"name":"wp","href":"https:\/\/api.w.org\/{rel}","templated":true}]}}