{"id":486532,"date":"2025-01-24T00:28:39","date_gmt":"2025-01-23T23:28:39","guid":{"rendered":"https:\/\/shop.kustom.ch\/?post_type=product&#038;p=486532"},"modified":"2026-03-31T13:21:02","modified_gmt":"2026-03-31T12:21:02","slug":"basic-softshell-jacket-junior","status":"publish","type":"product","link":"https:\/\/shop.kustom.ch\/fr\/produit\/basic-softshell-jacket-junior\/","title":{"rendered":"Veste Basic Softshell Junior"},"content":{"rendered":"<p>Veste softshell avec capuche amovible. Trois poches ext\u00e9rieures avec fermetures \u00e9clair et deux poches int\u00e9rieures. Toutes les fermetures \u00e9clair sont ton sur ton. Finition \u00e9lastique \u00e0 la taille et aux poignets. Avec spandex pour un grand confort.<\/p>\n<p>Mati\u00e8re : 96% polyester, 4% spandex<\/p>","protected":false},"excerpt":{"rendered":"<p>Softshell Jacke mit abnehmbarer Kapuze. Drei Aussentaschen mit Reissverschl\u00fcssen und zwei Innentaschen. Alle Reissverschl\u00fcsseTon-in-Ton. Elastischer Abschluss am Bund und \u00c4rmelabschl\u00fcssen. Mit Spandex f\u00fcr einen hohen Tragekomfort. Material: 96% Polyester, 4% Spandex<\/p>","protected":false},"featured_media":486603,"template":"","meta":[],"product_brand":[],"product_cat":[4186],"product_tag":[],"class_list":{"0":"post-486532","1":"product","2":"type-product","3":"status-publish","4":"has-post-thumbnail","6":"product_cat-jacken","7":"pa_brand-clique","8":"pa_brand-type-sportswear","9":"pa_filter-color-blau","10":"pa_filter-color-rot","11":"pa_filter-color-schwarz","13":"first","14":"instock","15":"sale","16":"taxable","17":"shipping-taxable","18":"purchasable","19":"product-type-variable","20":"add-to-wishlist-before_image"},"exclude_global_add_ons":[],"addons":[],"acf":[],"_links":{"self":[{"href":"https:\/\/shop.kustom.ch\/fr\/wp-json\/wp\/v2\/product\/486532"}],"collection":[{"href":"https:\/\/shop.kustom.ch\/fr\/wp-json\/wp\/v2\/product"}],"about":[{"href":"https:\/\/shop.kustom.ch\/fr\/wp-json\/wp\/v2\/types\/product"}],"wp:featuredmedia":[{"embeddable":true,"href":"https:\/\/shop.kustom.ch\/fr\/wp-json\/wp\/v2\/media\/486603"}],"wp:attachment":[{"href":"https:\/\/shop.kustom.ch\/fr\/wp-json\/wp\/v2\/media?parent=486532"}],"wp:term":[{"taxonomy":"product_brand","embeddable":true,"href":"https:\/\/shop.kustom.ch\/fr\/wp-json\/wp\/v2\/product_brand?post=486532"},{"taxonomy":"product_cat","embeddable":true,"href":"https:\/\/shop.kustom.ch\/fr\/wp-json\/wp\/v2\/product_cat?post=486532"},{"taxonomy":"product_tag","embeddable":true,"href":"https:\/\/shop.kustom.ch\/fr\/wp-json\/wp\/v2\/product_tag?post=486532"}],"curies":[{"name":"wp","href":"https:\/\/api.w.org\/{rel}","templated":true}]}}