{"id":485910,"date":"2025-01-24T00:26:21","date_gmt":"2025-01-23T23:26:21","guid":{"rendered":"https:\/\/shop.kustom.ch\/?post_type=product&#038;p=485910"},"modified":"2026-03-31T13:18:06","modified_gmt":"2026-03-31T12:18:06","slug":"basic-polo-pocket","status":"publish","type":"product","link":"https:\/\/shop.kustom.ch\/fr\/produit\/basic-polo-pocket\/","title":{"rendered":"Polo de base Pocket"},"content":{"rendered":"<p>Un polo de base avec une poche poitrine et une coupe moderne. Finition des manches sans bord-c\u00f4te et trois boutons de couleur assortie.<\/p>\n<p>Mati\u00e8re : 100% coton (95 gris chin\u00e9 : 85% coton, 15% viscose \/ 955 anthracite chin\u00e9 : 60% coton, 40% polyester)<\/p>","protected":false},"excerpt":{"rendered":"<p>Ein Basic Polo Shirt mit Brusttasche und moderner Passform. \u00c4rmelabschluss ohne Rippb\u00fcndchen und drei Kn\u00f6pfen farblich abgestimmt. Material: 100% Baumwolle (95 Graumeliert: 85% Baumwolle, 15% Viskose \/ 955 Anthrazitmeliert: 60% Baumwolle, 40% Polyester)<\/p>","protected":false},"featured_media":485966,"template":"","meta":[],"product_brand":[],"product_cat":[4193],"product_tag":[],"class_list":{"0":"post-485910","1":"product","2":"type-product","3":"status-publish","4":"has-post-thumbnail","6":"product_cat-polos","7":"pa_brand-clique","8":"pa_brand-type-sportswear","9":"pa_filter-color-blau","10":"pa_filter-color-grau","11":"pa_filter-color-rot","12":"pa_filter-color-schwarz","13":"pa_filter-color-weiss","15":"first","16":"instock","17":"sale","18":"taxable","19":"shipping-taxable","20":"purchasable","21":"product-type-variable","22":"add-to-wishlist-before_image"},"exclude_global_add_ons":[],"addons":[],"acf":[],"_links":{"self":[{"href":"https:\/\/shop.kustom.ch\/fr\/wp-json\/wp\/v2\/product\/485910"}],"collection":[{"href":"https:\/\/shop.kustom.ch\/fr\/wp-json\/wp\/v2\/product"}],"about":[{"href":"https:\/\/shop.kustom.ch\/fr\/wp-json\/wp\/v2\/types\/product"}],"wp:featuredmedia":[{"embeddable":true,"href":"https:\/\/shop.kustom.ch\/fr\/wp-json\/wp\/v2\/media\/485966"}],"wp:attachment":[{"href":"https:\/\/shop.kustom.ch\/fr\/wp-json\/wp\/v2\/media?parent=485910"}],"wp:term":[{"taxonomy":"product_brand","embeddable":true,"href":"https:\/\/shop.kustom.ch\/fr\/wp-json\/wp\/v2\/product_brand?post=485910"},{"taxonomy":"product_cat","embeddable":true,"href":"https:\/\/shop.kustom.ch\/fr\/wp-json\/wp\/v2\/product_cat?post=485910"},{"taxonomy":"product_tag","embeddable":true,"href":"https:\/\/shop.kustom.ch\/fr\/wp-json\/wp\/v2\/product_tag?post=485910"}],"curies":[{"name":"wp","href":"https:\/\/api.w.org\/{rel}","templated":true}]}}