{"id":485638,"date":"2025-01-24T00:25:27","date_gmt":"2025-01-23T23:25:27","guid":{"rendered":"https:\/\/shop.kustom.ch\/?post_type=product&#038;p=485638"},"modified":"2026-03-31T13:17:44","modified_gmt":"2026-03-31T12:17:44","slug":"basic-polar-fleece-vest","status":"publish","type":"product","link":"https:\/\/shop.kustom.ch\/fr\/produit\/basic-polar-fleece-vest\/","title":{"rendered":"Gilet polaire de base"},"content":{"rendered":"<p>Gilet polaire avec col montant. Deux poches lat\u00e9rales avec fermeture \u00e9clair et passage pour \u00e9couteurs plus deux poches int\u00e9rieures. S'adapte parfaitement \u00e0 notre veste Classic Softshell.<\/p>\n<p>Mati\u00e8re : polyester 100%, micro polaire anti-boulochage<\/p>","protected":false},"excerpt":{"rendered":"<p>Polar Fleece Weste mit Stehkragen. Zwei Seitentaschen mit Reissverschluss und Kopfh\u00f6rerf\u00fchrung plus zwei Innentaschen. Passt perfekt zu unserer Classic Softshell Jacke. Material: 100% Polyester, antipilling micro fleece<\/p>","protected":false},"featured_media":485695,"template":"","meta":[],"product_brand":[],"product_cat":[4184],"product_tag":[],"class_list":{"0":"post-485638","1":"product","2":"type-product","3":"status-publish","4":"has-post-thumbnail","6":"product_cat-hoodies-pullover","7":"pa_brand-clique","8":"pa_brand-type-sportswear","9":"pa_filter-color-blau","10":"pa_filter-color-rot","11":"pa_filter-color-schwarz","13":"first","14":"instock","15":"sale","16":"taxable","17":"shipping-taxable","18":"purchasable","19":"product-type-variable","20":"add-to-wishlist-before_image"},"exclude_global_add_ons":[],"addons":[],"acf":[],"_links":{"self":[{"href":"https:\/\/shop.kustom.ch\/fr\/wp-json\/wp\/v2\/product\/485638"}],"collection":[{"href":"https:\/\/shop.kustom.ch\/fr\/wp-json\/wp\/v2\/product"}],"about":[{"href":"https:\/\/shop.kustom.ch\/fr\/wp-json\/wp\/v2\/types\/product"}],"wp:featuredmedia":[{"embeddable":true,"href":"https:\/\/shop.kustom.ch\/fr\/wp-json\/wp\/v2\/media\/485695"}],"wp:attachment":[{"href":"https:\/\/shop.kustom.ch\/fr\/wp-json\/wp\/v2\/media?parent=485638"}],"wp:term":[{"taxonomy":"product_brand","embeddable":true,"href":"https:\/\/shop.kustom.ch\/fr\/wp-json\/wp\/v2\/product_brand?post=485638"},{"taxonomy":"product_cat","embeddable":true,"href":"https:\/\/shop.kustom.ch\/fr\/wp-json\/wp\/v2\/product_cat?post=485638"},{"taxonomy":"product_tag","embeddable":true,"href":"https:\/\/shop.kustom.ch\/fr\/wp-json\/wp\/v2\/product_tag?post=485638"}],"curies":[{"name":"wp","href":"https:\/\/api.w.org\/{rel}","templated":true}]}}