{"id":484659,"date":"2025-01-24T00:21:51","date_gmt":"2025-01-23T23:21:51","guid":{"rendered":"https:\/\/shop.kustom.ch\/?post_type=product&#038;p=484659"},"modified":"2026-03-31T13:13:00","modified_gmt":"2026-03-31T12:13:00","slug":"basic-bag","status":"publish","type":"product","link":"https:\/\/shop.kustom.ch\/fr\/produit\/basic-bag\/","title":{"rendered":"Sac de base"},"content":{"rendered":"<p>Sac de sport bicolore. Bandouli\u00e8re r\u00e9glable. Poche lat\u00e9rale avec fermeture \u00e9clair. Possibilit\u00e9 d'apposer son propre logo sur le zip de la fermeture \u00e9clair. Dimensions et volume : 50x30x25cm \u2248 35L<\/p>\n<p>Mat\u00e9riau : Diamond Non-Woven, 95g et 600D Polyester.<\/p>","protected":false},"excerpt":{"rendered":"<p>Zweifarbige Sporttasche. Verstellbarer Tragegurt. Seitentasche mit Reissverschluss. Am Reissverschluss Zipper kann ein eigenes Logo angebracht werden. Abmessungen und Volumen: 50x30x25cm \u2248 35L Material: Diamond Non-Woven, 95g und 600D Polyester.<\/p>","protected":false},"featured_media":484726,"template":"","meta":[],"product_brand":[],"product_cat":[4195,4209],"product_tag":[],"class_list":{"0":"post-484659","1":"product","2":"type-product","3":"status-publish","4":"has-post-thumbnail","6":"product_cat-rucksaecke-taschen","7":"product_cat-zubehoer","8":"pa_brand-clique","9":"pa_brand-type-sportswear","10":"pa_filter-color-blau","11":"pa_filter-color-grau","12":"pa_filter-color-gruen","13":"pa_filter-color-rot","14":"pa_filter-color-schwarz","16":"first","17":"instock","18":"sale","19":"taxable","20":"shipping-taxable","21":"purchasable","22":"product-type-variable","23":"add-to-wishlist-before_image"},"exclude_global_add_ons":[],"addons":[],"acf":[],"_links":{"self":[{"href":"https:\/\/shop.kustom.ch\/fr\/wp-json\/wp\/v2\/product\/484659"}],"collection":[{"href":"https:\/\/shop.kustom.ch\/fr\/wp-json\/wp\/v2\/product"}],"about":[{"href":"https:\/\/shop.kustom.ch\/fr\/wp-json\/wp\/v2\/types\/product"}],"wp:featuredmedia":[{"embeddable":true,"href":"https:\/\/shop.kustom.ch\/fr\/wp-json\/wp\/v2\/media\/484726"}],"wp:attachment":[{"href":"https:\/\/shop.kustom.ch\/fr\/wp-json\/wp\/v2\/media?parent=484659"}],"wp:term":[{"taxonomy":"product_brand","embeddable":true,"href":"https:\/\/shop.kustom.ch\/fr\/wp-json\/wp\/v2\/product_brand?post=484659"},{"taxonomy":"product_cat","embeddable":true,"href":"https:\/\/shop.kustom.ch\/fr\/wp-json\/wp\/v2\/product_cat?post=484659"},{"taxonomy":"product_tag","embeddable":true,"href":"https:\/\/shop.kustom.ch\/fr\/wp-json\/wp\/v2\/product_tag?post=484659"}],"curies":[{"name":"wp","href":"https:\/\/api.w.org\/{rel}","templated":true}]}}