{"id":484657,"date":"2025-01-24T00:21:51","date_gmt":"2025-01-23T23:21:51","guid":{"rendered":"https:\/\/shop.kustom.ch\/?post_type=product&#038;p=484657"},"modified":"2026-03-31T13:12:54","modified_gmt":"2026-03-31T12:12:54","slug":"basic-backpack","status":"publish","type":"product","link":"https:\/\/shop.kustom.ch\/fr\/produit\/basic-backpack\/","title":{"rendered":"Sac \u00e0 dos de base"},"content":{"rendered":"<p>Sac \u00e0 dos bicolore et sportif. Bretelles r\u00e9glables. Compartiment \u00e0 fermeture \u00e9clair. Possibilit\u00e9 d'apposer son propre logo sur le zip de la fermeture \u00e9clair. Dimensions et volume : 29x18x42cm \u2248 21L<\/p>\n<p>Mat\u00e9riau : Diamond Non-Woven, 95g et 600D Polyester.<\/p>","protected":false},"excerpt":{"rendered":"<p>Zweifarbiger, sportlicher Rucksack. Verstellbare Tr\u00e4ger. Reissverschlussfach. Am Reissverschluss Zipper kann ein eigenes Logo angebracht werden. Abmessungen und Volumen: 29x18x42cm \u2248 21L Material: Diamond Non-Woven, 95g und 600D Polyester.<\/p>","protected":false},"featured_media":484714,"template":"","meta":[],"product_brand":[],"product_cat":[4195,4209],"product_tag":[],"class_list":{"0":"post-484657","1":"product","2":"type-product","3":"status-publish","4":"has-post-thumbnail","6":"product_cat-rucksaecke-taschen","7":"product_cat-zubehoer","8":"pa_brand-clique","9":"pa_brand-type-sportswear","10":"pa_filter-color-blau","11":"pa_filter-color-grau","12":"pa_filter-color-gruen","13":"pa_filter-color-rot","14":"pa_filter-color-schwarz","16":"first","17":"instock","18":"sale","19":"taxable","20":"shipping-taxable","21":"purchasable","22":"product-type-variable","23":"add-to-wishlist-before_image"},"exclude_global_add_ons":[],"addons":[],"acf":[],"_links":{"self":[{"href":"https:\/\/shop.kustom.ch\/fr\/wp-json\/wp\/v2\/product\/484657"}],"collection":[{"href":"https:\/\/shop.kustom.ch\/fr\/wp-json\/wp\/v2\/product"}],"about":[{"href":"https:\/\/shop.kustom.ch\/fr\/wp-json\/wp\/v2\/types\/product"}],"wp:featuredmedia":[{"embeddable":true,"href":"https:\/\/shop.kustom.ch\/fr\/wp-json\/wp\/v2\/media\/484714"}],"wp:attachment":[{"href":"https:\/\/shop.kustom.ch\/fr\/wp-json\/wp\/v2\/media?parent=484657"}],"wp:term":[{"taxonomy":"product_brand","embeddable":true,"href":"https:\/\/shop.kustom.ch\/fr\/wp-json\/wp\/v2\/product_brand?post=484657"},{"taxonomy":"product_cat","embeddable":true,"href":"https:\/\/shop.kustom.ch\/fr\/wp-json\/wp\/v2\/product_cat?post=484657"},{"taxonomy":"product_tag","embeddable":true,"href":"https:\/\/shop.kustom.ch\/fr\/wp-json\/wp\/v2\/product_tag?post=484657"}],"curies":[{"name":"wp","href":"https:\/\/api.w.org\/{rel}","templated":true}]}}