{"id":484588,"date":"2025-01-24T00:21:34","date_gmt":"2025-01-23T23:21:34","guid":{"rendered":"https:\/\/shop.kustom.ch\/?post_type=product&#038;p=484588"},"modified":"2026-03-31T13:19:25","modified_gmt":"2026-03-31T12:19:25","slug":"basic-active-t-l-s-women","status":"publish","type":"product","link":"https:\/\/shop.kustom.ch\/fr\/produit\/basic-active-t-l-s-women\/","title":{"rendered":"Basic Active-T L\/S Femme"},"content":{"rendered":"<p>Un t-shirt fonctionnel \u00e0 manches longues avec teinture spun dyed et tissu interlock. Avec bande de cou, col renforc\u00e9 et coutures lat\u00e9rales. Une \u00e9tiquette facilement d\u00e9tachable pour le rebranding. Protection UV 50.<\/p>\n<p>Mati\u00e8re : polyester 100%.<\/p>","protected":false},"excerpt":{"rendered":"<p>Ein Langarm Funktions T-Shirt mit Spun Dyed Einf\u00e4rbung und Interlock Gewebe. Mit Nackenband, verst\u00e4rktem Kragen und Seitenn\u00e4hten. Ein leicht abnehmbares Etikett f\u00fcr Rebranding. UV-Schutz 50. Material: 100% Polyester.<\/p>","protected":false},"featured_media":484613,"template":"","meta":[],"product_brand":[],"product_cat":[4201],"product_tag":[],"class_list":{"0":"post-484588","1":"product","2":"type-product","3":"status-publish","4":"has-post-thumbnail","6":"product_cat-t-shirts","7":"pa_brand-clique","8":"pa_brand-type-sportswear","9":"pa_filter-color-grau","10":"pa_filter-color-schwarz","11":"pa_filter-color-weiss","13":"first","14":"instock","15":"sale","16":"taxable","17":"shipping-taxable","18":"purchasable","19":"product-type-variable","20":"add-to-wishlist-before_image"},"exclude_global_add_ons":[],"addons":[],"acf":[],"_links":{"self":[{"href":"https:\/\/shop.kustom.ch\/fr\/wp-json\/wp\/v2\/product\/484588"}],"collection":[{"href":"https:\/\/shop.kustom.ch\/fr\/wp-json\/wp\/v2\/product"}],"about":[{"href":"https:\/\/shop.kustom.ch\/fr\/wp-json\/wp\/v2\/types\/product"}],"wp:featuredmedia":[{"embeddable":true,"href":"https:\/\/shop.kustom.ch\/fr\/wp-json\/wp\/v2\/media\/484613"}],"wp:attachment":[{"href":"https:\/\/shop.kustom.ch\/fr\/wp-json\/wp\/v2\/media?parent=484588"}],"wp:term":[{"taxonomy":"product_brand","embeddable":true,"href":"https:\/\/shop.kustom.ch\/fr\/wp-json\/wp\/v2\/product_brand?post=484588"},{"taxonomy":"product_cat","embeddable":true,"href":"https:\/\/shop.kustom.ch\/fr\/wp-json\/wp\/v2\/product_cat?post=484588"},{"taxonomy":"product_tag","embeddable":true,"href":"https:\/\/shop.kustom.ch\/fr\/wp-json\/wp\/v2\/product_tag?post=484588"}],"curies":[{"name":"wp","href":"https:\/\/api.w.org\/{rel}","templated":true}]}}