{"id":484034,"date":"2025-01-24T00:19:27","date_gmt":"2025-01-23T23:19:27","guid":{"rendered":"https:\/\/shop.kustom.ch\/?post_type=product&#038;p=484034"},"modified":"2026-03-31T13:19:41","modified_gmt":"2026-03-31T12:19:41","slug":"basic-active-half-zip-junior","status":"publish","type":"product","link":"https:\/\/shop.kustom.ch\/fr\/produit\/basic-active-half-zip-junior\/","title":{"rendered":"Basic Active Half Zip Junior"},"content":{"rendered":"<p>Cardigan junior teint\u00e9 dans la masse avec fermeture \u00e9clair mi-longue. Bande de cou \u00e0 chevrons, bordures c\u00f4tel\u00e9es aux manches et \u00e0 la taille en tissu principal. Une \u00e9tiquette facilement d\u00e9tachable pour le rebranding.<\/p>\n<p>Mati\u00e8re : 100% polyester teint\u00e9 dans la masse<\/p>","protected":false},"excerpt":{"rendered":"<p>Spinngef\u00e4rbter Junior-Cardigan mit halblangem Reissverschluss. Fischgr\u00e4t-Nackenband, Rippb\u00fcndchen an den \u00c4rmeln und Bund aus Hauptstoff. Eine leicht abnehmbare Etikette f\u00fcr Rebranding. Material: 100% spinngef\u00e4rbter Polyester<\/p>","protected":false},"featured_media":484045,"template":"","meta":[],"product_brand":[],"product_cat":[4191],"product_tag":[],"class_list":{"0":"post-484034","1":"product","2":"type-product","3":"status-publish","4":"has-post-thumbnail","6":"product_cat-longsleeves-sweatshirts","7":"pa_brand-clique","8":"pa_brand-type-sportswear","9":"pa_filter-color-blau","10":"pa_filter-color-grau","11":"pa_filter-color-rot","12":"pa_filter-color-schwarz","14":"first","15":"instock","16":"sale","17":"taxable","18":"shipping-taxable","19":"purchasable","20":"product-type-variable","21":"add-to-wishlist-before_image"},"exclude_global_add_ons":[],"addons":[],"acf":[],"_links":{"self":[{"href":"https:\/\/shop.kustom.ch\/fr\/wp-json\/wp\/v2\/product\/484034"}],"collection":[{"href":"https:\/\/shop.kustom.ch\/fr\/wp-json\/wp\/v2\/product"}],"about":[{"href":"https:\/\/shop.kustom.ch\/fr\/wp-json\/wp\/v2\/types\/product"}],"wp:featuredmedia":[{"embeddable":true,"href":"https:\/\/shop.kustom.ch\/fr\/wp-json\/wp\/v2\/media\/484045"}],"wp:attachment":[{"href":"https:\/\/shop.kustom.ch\/fr\/wp-json\/wp\/v2\/media?parent=484034"}],"wp:term":[{"taxonomy":"product_brand","embeddable":true,"href":"https:\/\/shop.kustom.ch\/fr\/wp-json\/wp\/v2\/product_brand?post=484034"},{"taxonomy":"product_cat","embeddable":true,"href":"https:\/\/shop.kustom.ch\/fr\/wp-json\/wp\/v2\/product_cat?post=484034"},{"taxonomy":"product_tag","embeddable":true,"href":"https:\/\/shop.kustom.ch\/fr\/wp-json\/wp\/v2\/product_tag?post=484034"}],"curies":[{"name":"wp","href":"https:\/\/api.w.org\/{rel}","templated":true}]}}