{"id":483966,"date":"2025-01-24T00:19:11","date_gmt":"2025-01-23T23:19:11","guid":{"rendered":"https:\/\/shop.kustom.ch\/?post_type=product&#038;p=483966"},"modified":"2026-03-31T13:21:05","modified_gmt":"2026-03-31T12:21:05","slug":"basic-active-half-zip","status":"publish","type":"product","link":"https:\/\/shop.kustom.ch\/fr\/produit\/basic-active-half-zip\/","title":{"rendered":"Basic Active Half Zip"},"content":{"rendered":"<p>Sweatshirt unisexe en teinture Spun Dyed avec fermeture \u00e9clair ton sur ton sur la moiti\u00e9 de la longueur. Poche sur la manche avec fermeture \u00e0 glissi\u00e8re. Bandeau de cou avec motif \u00e0 chevrons, extr\u00e9mit\u00e9s des manches c\u00f4tel\u00e9es et ceinture c\u00f4tel\u00e9e. Passage pour \u00e9couteurs. Une \u00e9tiquette facilement d\u00e9tachable pour le rebranding.<\/p>\n<p>Mat\u00e9riau : polyester 100%<\/p>","protected":false},"excerpt":{"rendered":"<p>Unisex Sweatshirt in Spun Dyed einf\u00e4rbung mit halblangem Ton-in-Ton Reissverschluss. \u00c4rmeltasche mit Reissverschluss. Nackenband mit Fischgr\u00e4tenmuster, gerippte \u00c4rmelabschl\u00fcsse und gerippter Bund. Kopfh\u00f6rerf\u00fchrung. Ein leicht abnehmbares Etikett f\u00fcr Rebranding. Material: 100% Polyester<\/p>","protected":false},"featured_media":483989,"template":"","meta":[],"product_brand":[],"product_cat":[4191],"product_tag":[],"class_list":{"0":"post-483966","1":"product","2":"type-product","3":"status-publish","4":"has-post-thumbnail","6":"product_cat-longsleeves-sweatshirts","7":"pa_brand-clique","8":"pa_brand-type-sportswear","9":"pa_filter-color-blau","10":"pa_filter-color-grau","11":"pa_filter-color-rot","12":"pa_filter-color-schwarz","13":"pa_filter-color-weiss","15":"first","16":"instock","17":"sale","18":"taxable","19":"shipping-taxable","20":"purchasable","21":"product-type-variable","22":"add-to-wishlist-before_image"},"exclude_global_add_ons":[],"addons":[],"acf":[],"_links":{"self":[{"href":"https:\/\/shop.kustom.ch\/fr\/wp-json\/wp\/v2\/product\/483966"}],"collection":[{"href":"https:\/\/shop.kustom.ch\/fr\/wp-json\/wp\/v2\/product"}],"about":[{"href":"https:\/\/shop.kustom.ch\/fr\/wp-json\/wp\/v2\/types\/product"}],"wp:featuredmedia":[{"embeddable":true,"href":"https:\/\/shop.kustom.ch\/fr\/wp-json\/wp\/v2\/media\/483989"}],"wp:attachment":[{"href":"https:\/\/shop.kustom.ch\/fr\/wp-json\/wp\/v2\/media?parent=483966"}],"wp:term":[{"taxonomy":"product_brand","embeddable":true,"href":"https:\/\/shop.kustom.ch\/fr\/wp-json\/wp\/v2\/product_brand?post=483966"},{"taxonomy":"product_cat","embeddable":true,"href":"https:\/\/shop.kustom.ch\/fr\/wp-json\/wp\/v2\/product_cat?post=483966"},{"taxonomy":"product_tag","embeddable":true,"href":"https:\/\/shop.kustom.ch\/fr\/wp-json\/wp\/v2\/product_tag?post=483966"}],"curies":[{"name":"wp","href":"https:\/\/api.w.org\/{rel}","templated":true}]}}