{"id":483965,"date":"2025-01-24T00:19:10","date_gmt":"2025-01-23T23:19:10","guid":{"rendered":"https:\/\/shop.kustom.ch\/?post_type=product&#038;p=483965"},"modified":"2026-03-31T13:19:47","modified_gmt":"2026-03-31T12:19:47","slug":"basic-active-cardigan-junior","status":"publish","type":"product","link":"https:\/\/shop.kustom.ch\/fr\/produit\/basic-active-cardigan-junior\/","title":{"rendered":"Cardigan Basic Active Junior"},"content":{"rendered":"<p>Cardigan junior teint\u00e9 dans la masse avec fermeture \u00e9clair ton sur ton sur toute la longueur. Deux poches avant avec fermeture \u00e0 glissi\u00e8re. Bandeau de cou avec motif \u00e0 chevrons, extr\u00e9mit\u00e9s des manches c\u00f4tel\u00e9es et bas c\u00f4tel\u00e9. Passage pour \u00e9couteurs. Une \u00e9tiquette facilement d\u00e9tachable pour le rebranding.<\/p>\n<p>Mati\u00e8re : 100% polyester teint\u00e9 dans la masse<\/p>","protected":false},"excerpt":{"rendered":"<p>Spinngef\u00e4rbter Junior Cardigan mit durchgehendem Ton-in-Ton Reissverschluss. Zwei Fronttaschen mit Reissverschluss. Nackenband mit Fischgr\u00e4tenmuster, gerippte \u00c4rmelabschl\u00fcsse und gerippter Bund. Kopfh\u00f6rerf\u00fchrung. Ein leicht abnehmbares Etikett f\u00fcr Rebranding. Material: 100% spinngef\u00e4rbter Polyester<\/p>","protected":false},"featured_media":483969,"template":"","meta":[],"product_brand":[],"product_cat":[4191],"product_tag":[],"class_list":{"0":"post-483965","1":"product","2":"type-product","3":"status-publish","4":"has-post-thumbnail","6":"product_cat-longsleeves-sweatshirts","7":"pa_brand-clique","8":"pa_brand-type-sportswear","9":"pa_filter-color-blau","10":"pa_filter-color-grau","11":"pa_filter-color-schwarz","13":"first","14":"instock","15":"sale","16":"taxable","17":"shipping-taxable","18":"purchasable","19":"product-type-variable","20":"add-to-wishlist-before_image"},"exclude_global_add_ons":[],"addons":[],"acf":[],"_links":{"self":[{"href":"https:\/\/shop.kustom.ch\/fr\/wp-json\/wp\/v2\/product\/483965"}],"collection":[{"href":"https:\/\/shop.kustom.ch\/fr\/wp-json\/wp\/v2\/product"}],"about":[{"href":"https:\/\/shop.kustom.ch\/fr\/wp-json\/wp\/v2\/types\/product"}],"wp:featuredmedia":[{"embeddable":true,"href":"https:\/\/shop.kustom.ch\/fr\/wp-json\/wp\/v2\/media\/483969"}],"wp:attachment":[{"href":"https:\/\/shop.kustom.ch\/fr\/wp-json\/wp\/v2\/media?parent=483965"}],"wp:term":[{"taxonomy":"product_brand","embeddable":true,"href":"https:\/\/shop.kustom.ch\/fr\/wp-json\/wp\/v2\/product_brand?post=483965"},{"taxonomy":"product_cat","embeddable":true,"href":"https:\/\/shop.kustom.ch\/fr\/wp-json\/wp\/v2\/product_cat?post=483965"},{"taxonomy":"product_tag","embeddable":true,"href":"https:\/\/shop.kustom.ch\/fr\/wp-json\/wp\/v2\/product_tag?post=483965"}],"curies":[{"name":"wp","href":"https:\/\/api.w.org\/{rel}","templated":true}]}}