{"id":483892,"date":"2025-01-24T00:18:46","date_gmt":"2025-01-23T23:18:46","guid":{"rendered":"https:\/\/shop.kustom.ch\/?post_type=product&#038;p=483892"},"modified":"2026-03-31T13:13:57","modified_gmt":"2026-03-31T12:13:57","slug":"basic-active-cardigan","status":"publish","type":"product","link":"https:\/\/shop.kustom.ch\/fr\/produit\/basic-active-cardigan\/","title":{"rendered":"Cardigan Basic Active"},"content":{"rendered":"<p>Un cardigan unisexe avec une teinture spun dyed. Une fermeture \u00e0 glissi\u00e8re ton sur ton sur toute la longueur. Deux poches avant avec fermeture \u00e9clair et une poche sur la manche avec fermeture \u00e9clair. Bandeau de cou avec motif \u00e0 chevrons, extr\u00e9mit\u00e9s des manches c\u00f4tel\u00e9es et bas c\u00f4tel\u00e9. Passage pour \u00e9couteurs. Une \u00e9tiquette facilement d\u00e9tachable pour le rebranding.<\/p>\n<p>Mat\u00e9riau : polyester 100%<\/p>","protected":false},"excerpt":{"rendered":"<p>Ein Unisex Cardigan mit Spun Dyed Einf\u00e4rbung. Ein Ton-in-Ton Reissverschluss \u00fcber die gesamte L\u00e4nge. Zwei Fronttaschen mit Reissverschluss und eine \u00c4rmeltasche mit Reissverschluss. Nackenband mit Fischgr\u00e4tenmuster, gerippte \u00c4rmelabschl\u00fcsse und gerippter Bund. Kopfh\u00f6rerf\u00fchrung. Ein leicht abnehmbares Etikett f\u00fcr Rebranding. Material: 100% Polyester<\/p>","protected":false},"featured_media":483913,"template":"","meta":[],"product_brand":[],"product_cat":[4191],"product_tag":[],"class_list":{"0":"post-483892","1":"product","2":"type-product","3":"status-publish","4":"has-post-thumbnail","6":"product_cat-longsleeves-sweatshirts","7":"pa_brand-clique","8":"pa_brand-type-sportswear","9":"pa_filter-color-blau","10":"pa_filter-color-grau","11":"pa_filter-color-rot","12":"pa_filter-color-schwarz","13":"pa_filter-color-weiss","15":"first","16":"instock","17":"sale","18":"taxable","19":"shipping-taxable","20":"purchasable","21":"product-type-variable","22":"add-to-wishlist-before_image"},"exclude_global_add_ons":[],"addons":[],"acf":[],"_links":{"self":[{"href":"https:\/\/shop.kustom.ch\/fr\/wp-json\/wp\/v2\/product\/483892"}],"collection":[{"href":"https:\/\/shop.kustom.ch\/fr\/wp-json\/wp\/v2\/product"}],"about":[{"href":"https:\/\/shop.kustom.ch\/fr\/wp-json\/wp\/v2\/types\/product"}],"wp:featuredmedia":[{"embeddable":true,"href":"https:\/\/shop.kustom.ch\/fr\/wp-json\/wp\/v2\/media\/483913"}],"wp:attachment":[{"href":"https:\/\/shop.kustom.ch\/fr\/wp-json\/wp\/v2\/media?parent=483892"}],"wp:term":[{"taxonomy":"product_brand","embeddable":true,"href":"https:\/\/shop.kustom.ch\/fr\/wp-json\/wp\/v2\/product_brand?post=483892"},{"taxonomy":"product_cat","embeddable":true,"href":"https:\/\/shop.kustom.ch\/fr\/wp-json\/wp\/v2\/product_cat?post=483892"},{"taxonomy":"product_tag","embeddable":true,"href":"https:\/\/shop.kustom.ch\/fr\/wp-json\/wp\/v2\/product_tag?post=483892"}],"curies":[{"name":"wp","href":"https:\/\/api.w.org\/{rel}","templated":true}]}}