{"id":483889,"date":"2025-01-24T00:18:46","date_gmt":"2025-01-23T23:18:46","guid":{"rendered":"https:\/\/shop.kustom.ch\/?post_type=product&#038;p=483889"},"modified":"2026-03-31T13:11:48","modified_gmt":"2026-03-31T12:11:48","slug":"backpack","status":"publish","type":"product","link":"https:\/\/shop.kustom.ch\/fr\/produit\/backpack\/","title":{"rendered":"Sac \u00e0 dos"},"content":{"rendered":"<p>Sac \u00e0 dos avec syst\u00e8me dorsal stable, poign\u00e9es confortables, ceinture r\u00e9glable, compartiment s\u00e9par\u00e9 pour t\u00e9l\u00e9phone portable. Dimensions et volume : 33x42x17cm \u2248 23L<\/p>\n<p>Mat\u00e9riau : polyester 600D avec rev\u00eatement PVC<\/p>","protected":false},"excerpt":{"rendered":"<p>Rucksack mit stabilem R\u00fcckensystem, komfortable Tragegriffe, verstellbarer H\u00fcftgurt, separates Handyfach. Abmessungen und Volumen: 33x42x17cm \u2248 23L Material: 600D Polyester mit PVC Beschichtung<\/p>","protected":false},"featured_media":483893,"template":"","meta":[],"product_brand":[],"product_cat":[4195,4209],"product_tag":[],"class_list":{"0":"post-483889","1":"product","2":"type-product","3":"status-publish","4":"has-post-thumbnail","6":"product_cat-rucksaecke-taschen","7":"product_cat-zubehoer","8":"pa_brand-clique","9":"pa_brand-type-sportswear","10":"pa_filter-color-schwarz","12":"first","13":"instock","14":"sale","15":"taxable","16":"shipping-taxable","17":"purchasable","18":"product-type-variable","19":"add-to-wishlist-before_image"},"exclude_global_add_ons":[],"addons":[],"acf":[],"_links":{"self":[{"href":"https:\/\/shop.kustom.ch\/fr\/wp-json\/wp\/v2\/product\/483889"}],"collection":[{"href":"https:\/\/shop.kustom.ch\/fr\/wp-json\/wp\/v2\/product"}],"about":[{"href":"https:\/\/shop.kustom.ch\/fr\/wp-json\/wp\/v2\/types\/product"}],"wp:featuredmedia":[{"embeddable":true,"href":"https:\/\/shop.kustom.ch\/fr\/wp-json\/wp\/v2\/media\/483893"}],"wp:attachment":[{"href":"https:\/\/shop.kustom.ch\/fr\/wp-json\/wp\/v2\/media?parent=483889"}],"wp:term":[{"taxonomy":"product_brand","embeddable":true,"href":"https:\/\/shop.kustom.ch\/fr\/wp-json\/wp\/v2\/product_brand?post=483889"},{"taxonomy":"product_cat","embeddable":true,"href":"https:\/\/shop.kustom.ch\/fr\/wp-json\/wp\/v2\/product_cat?post=483889"},{"taxonomy":"product_tag","embeddable":true,"href":"https:\/\/shop.kustom.ch\/fr\/wp-json\/wp\/v2\/product_tag?post=483889"}],"curies":[{"name":"wp","href":"https:\/\/api.w.org\/{rel}","templated":true}]}}